{"id":969,"date":"2025-07-03T10:44:18","date_gmt":"2025-07-03T10:44:18","guid":{"rendered":"https:\/\/waterchallenge.eu\/?page_id=969"},"modified":"2025-08-22T08:58:23","modified_gmt":"2025-08-22T08:58:23","slug":"empleo","status":"publish","type":"page","link":"https:\/\/waterchallenge.eu\/en\/empleo\/","title":{"rendered":"Careers"},"content":{"rendered":"<div data-elementor-type=\"wp-page\" data-elementor-id=\"969\" class=\"elementor elementor-969\" data-elementor-post-type=\"page\">\n\t\t\t\t<div data-particle_enable=\"false\" data-particle-mobile-disabled=\"false\" class=\"elementor-element elementor-element-e43e490 e-flex e-con-boxed e-con e-parent\" data-id=\"e43e490\" data-element_type=\"container\" data-e-type=\"container\" data-settings=\"{&quot;background_background&quot;:&quot;classic&quot;}\">\n\t\t\t\t\t<div class=\"e-con-inner\">\n\t\t\t\t<div class=\"elementor-element elementor-element-6000dfb elementor-widget elementor-widget-heading\" data-id=\"6000dfb\" data-element_type=\"widget\" data-e-type=\"widget\" data-widget_type=\"heading.default\">\n\t\t\t\t<div class=\"elementor-widget-container\">\n\t\t\t\t\t<h1 class=\"elementor-heading-title elementor-size-default\">We work side by side for a sustainable future<\/h1>\t\t\t\t<\/div>\n\t\t\t\t<\/div>\n\t\t\t\t\t<\/div>\n\t\t\t\t<\/div>\n\t\t<div data-particle_enable=\"false\" data-particle-mobile-disabled=\"false\" class=\"elementor-element elementor-element-76b9e73 e-flex e-con-boxed e-con e-parent\" data-id=\"76b9e73\" data-element_type=\"container\" data-e-type=\"container\">\n\t\t\t\t\t<div class=\"e-con-inner\">\n\t\t\t\t<div class=\"elementor-element elementor-element-dfab8db elementor-widget elementor-widget-heading\" data-id=\"dfab8db\" data-element_type=\"widget\" data-e-type=\"widget\" data-widget_type=\"heading.default\">\n\t\t\t\t<div class=\"elementor-widget-container\">\n\t\t\t\t\t<h2 class=\"elementor-heading-title elementor-size-default\">Why work with us?<\/h2>\t\t\t\t<\/div>\n\t\t\t\t<\/div>\n\t\t\t\t<div class=\"elementor-element elementor-element-4d1c4d9 elementor-widget elementor-widget-text-editor\" data-id=\"4d1c4d9\" data-element_type=\"widget\" data-e-type=\"widget\" data-widget_type=\"text-editor.default\">\n\t\t\t\t<div class=\"elementor-widget-container\">\n\t\t\t\t\t\t\t\t\t<p>At Water Challenge, we believe in the power of technology to transform the world. We are a multidisciplinary team that combines science, engineering, and environmental commitment to tackle one of the greatest challenges of our time: the intelligent use of water.<\/p><p>If you are motivated by innovation, sustainability, and the ambition to make a real impact, here you will find an environment where you can grow, contribute, and build solutions that make a difference.<\/p>\t\t\t\t\t\t\t\t<\/div>\n\t\t\t\t<\/div>\n\t\t\t\t\t<\/div>\n\t\t\t\t<\/div>\n\t\t<div data-particle_enable=\"false\" data-particle-mobile-disabled=\"false\" class=\"elementor-element elementor-element-4c786c8 e-flex e-con-boxed e-con e-parent\" data-id=\"4c786c8\" data-element_type=\"container\" data-e-type=\"container\" data-settings=\"{&quot;background_background&quot;:&quot;classic&quot;}\">\n\t\t\t\t\t<div class=\"e-con-inner\">\n\t\t<div data-particle_enable=\"false\" data-particle-mobile-disabled=\"false\" class=\"elementor-element elementor-element-3a9b6fd e-con-full e-flex e-con e-child\" data-id=\"3a9b6fd\" data-element_type=\"container\" data-e-type=\"container\">\n\t\t\t\t<div class=\"elementor-element elementor-element-818dd3e elementor-widget elementor-widget-text-editor\" data-id=\"818dd3e\" data-element_type=\"widget\" data-e-type=\"widget\" data-widget_type=\"text-editor.default\">\n\t\t\t\t<div class=\"elementor-widget-container\">\n\t\t\t\t\t\t\t\t\t<p><strong>If you would like to join us and help us transform the water sector, please send us your application to the following e-mail address <a style=\"color: #32bba3; background-color: white; border-radius: 5px; padding: 5px 10px; text-decoration: underline;\" href=\"mailto:hr@waterchallenge.eu\">rrhh@waterchallenge.eu<\/a> including your CV and motivation letter.<\/strong><\/p>\t\t\t\t\t\t\t\t<\/div>\n\t\t\t\t<\/div>\n\t\t\t\t<\/div>\n\t\t\t\t\t<\/div>\n\t\t\t\t<\/div>\n\t\t\t\t<\/div>","protected":false},"excerpt":{"rendered":"<p>Trabajamos codo con codo por un futuro sostenible \u00bfPor qu\u00e9 trabajar con nosotros? En Water Challenge creemos en el poder de la tecnolog\u00eda para transformar el mundo. Somos un equipo multidisciplinar que combina ciencia, ingenier\u00eda y compromiso ambiental para afrontar uno de los grandes retos de nuestro tiempo: el uso inteligente del agua. Si te [&hellip;]<\/p>","protected":false},"author":1,"featured_media":0,"parent":0,"menu_order":0,"comment_status":"closed","ping_status":"closed","template":"elementor_header_footer","meta":{"footnotes":""},"class_list":["post-969","page","type-page","status-publish","hentry"],"yoast_head":"<!-- This site is optimized with the Yoast SEO plugin v26.9 - https:\/\/yoast.com\/product\/yoast-seo-wordpress\/ -->\n<title>Empleo - Water Challenge<\/title>\n<meta name=\"robots\" content=\"index, follow, max-snippet:-1, max-image-preview:large, max-video-preview:-1\" \/>\n<link rel=\"canonical\" href=\"https:\/\/waterchallenge.eu\/en\/empleo\/\" \/>\n<meta property=\"og:locale\" content=\"en_GB\" \/>\n<meta property=\"og:type\" content=\"article\" \/>\n<meta property=\"og:title\" content=\"Empleo - Water Challenge\" \/>\n<meta property=\"og:description\" content=\"Trabajamos codo con codo por un futuro sostenible \u00bfPor qu\u00e9 trabajar con nosotros? En Water Challenge creemos en el poder de la tecnolog\u00eda para transformar el mundo. Somos un equipo multidisciplinar que combina ciencia, ingenier\u00eda y compromiso ambiental para afrontar uno de los grandes retos de nuestro tiempo: el uso inteligente del agua. Si te [&hellip;]\" \/>\n<meta property=\"og:url\" content=\"https:\/\/waterchallenge.eu\/en\/empleo\/\" \/>\n<meta property=\"og:site_name\" content=\"Water Challenge\" \/>\n<meta property=\"article:modified_time\" content=\"2025-08-22T08:58:23+00:00\" \/>\n<meta name=\"twitter:card\" content=\"summary_large_image\" \/>\n<meta name=\"twitter:label1\" content=\"Estimated reading time\" \/>\n\t<meta name=\"twitter:data1\" content=\"1 minute\" \/>\n<script type=\"application\/ld+json\" class=\"yoast-schema-graph\">{\"@context\":\"https:\/\/schema.org\",\"@graph\":[{\"@type\":\"WebPage\",\"@id\":\"https:\/\/waterchallenge.eu\/empleo\/\",\"url\":\"https:\/\/waterchallenge.eu\/empleo\/\",\"name\":\"Empleo - Water Challenge\",\"isPartOf\":{\"@id\":\"https:\/\/waterchallenge.eu\/#website\"},\"datePublished\":\"2025-07-03T10:44:18+00:00\",\"dateModified\":\"2025-08-22T08:58:23+00:00\",\"breadcrumb\":{\"@id\":\"https:\/\/waterchallenge.eu\/empleo\/#breadcrumb\"},\"inLanguage\":\"en-GB\",\"potentialAction\":[{\"@type\":\"ReadAction\",\"target\":[\"https:\/\/waterchallenge.eu\/empleo\/\"]}]},{\"@type\":\"BreadcrumbList\",\"@id\":\"https:\/\/waterchallenge.eu\/empleo\/#breadcrumb\",\"itemListElement\":[{\"@type\":\"ListItem\",\"position\":1,\"name\":\"Portada\",\"item\":\"https:\/\/waterchallenge.eu\/\"},{\"@type\":\"ListItem\",\"position\":2,\"name\":\"Empleo\"}]},{\"@type\":\"WebSite\",\"@id\":\"https:\/\/waterchallenge.eu\/#website\",\"url\":\"https:\/\/waterchallenge.eu\/\",\"name\":\"Water Challenge\",\"description\":\"\",\"publisher\":{\"@id\":\"https:\/\/waterchallenge.eu\/#organization\"},\"potentialAction\":[{\"@type\":\"SearchAction\",\"target\":{\"@type\":\"EntryPoint\",\"urlTemplate\":\"https:\/\/waterchallenge.eu\/?s={search_term_string}\"},\"query-input\":{\"@type\":\"PropertyValueSpecification\",\"valueRequired\":true,\"valueName\":\"search_term_string\"}}],\"inLanguage\":\"en-GB\"},{\"@type\":\"Organization\",\"@id\":\"https:\/\/waterchallenge.eu\/#organization\",\"name\":\"Water Challenge\",\"url\":\"https:\/\/waterchallenge.eu\/\",\"logo\":{\"@type\":\"ImageObject\",\"inLanguage\":\"en-GB\",\"@id\":\"https:\/\/waterchallenge.eu\/#\/schema\/logo\/image\/\",\"url\":\"https:\/\/waterchallenge.eu\/wp-content\/uploads\/2025\/05\/image-3.png\",\"contentUrl\":\"https:\/\/waterchallenge.eu\/wp-content\/uploads\/2025\/05\/image-3.png\",\"width\":351,\"height\":59,\"caption\":\"Water Challenge\"},\"image\":{\"@id\":\"https:\/\/waterchallenge.eu\/#\/schema\/logo\/image\/\"}}]}<\/script>\n<!-- \/ Yoast SEO plugin. -->","yoast_head_json":{"title":"Empleo - Water Challenge","robots":{"index":"index","follow":"follow","max-snippet":"max-snippet:-1","max-image-preview":"max-image-preview:large","max-video-preview":"max-video-preview:-1"},"canonical":"https:\/\/waterchallenge.eu\/en\/empleo\/","og_locale":"en_GB","og_type":"article","og_title":"Empleo - Water Challenge","og_description":"Trabajamos codo con codo por un futuro sostenible \u00bfPor qu\u00e9 trabajar con nosotros? En Water Challenge creemos en el poder de la tecnolog\u00eda para transformar el mundo. Somos un equipo multidisciplinar que combina ciencia, ingenier\u00eda y compromiso ambiental para afrontar uno de los grandes retos de nuestro tiempo: el uso inteligente del agua. Si te [&hellip;]","og_url":"https:\/\/waterchallenge.eu\/en\/empleo\/","og_site_name":"Water Challenge","article_modified_time":"2025-08-22T08:58:23+00:00","twitter_card":"summary_large_image","twitter_misc":{"Estimated reading time":"1 minute"},"schema":{"@context":"https:\/\/schema.org","@graph":[{"@type":"WebPage","@id":"https:\/\/waterchallenge.eu\/empleo\/","url":"https:\/\/waterchallenge.eu\/empleo\/","name":"Empleo - Water Challenge","isPartOf":{"@id":"https:\/\/waterchallenge.eu\/#website"},"datePublished":"2025-07-03T10:44:18+00:00","dateModified":"2025-08-22T08:58:23+00:00","breadcrumb":{"@id":"https:\/\/waterchallenge.eu\/empleo\/#breadcrumb"},"inLanguage":"en-GB","potentialAction":[{"@type":"ReadAction","target":["https:\/\/waterchallenge.eu\/empleo\/"]}]},{"@type":"BreadcrumbList","@id":"https:\/\/waterchallenge.eu\/empleo\/#breadcrumb","itemListElement":[{"@type":"ListItem","position":1,"name":"Portada","item":"https:\/\/waterchallenge.eu\/"},{"@type":"ListItem","position":2,"name":"Empleo"}]},{"@type":"WebSite","@id":"https:\/\/waterchallenge.eu\/#website","url":"https:\/\/waterchallenge.eu\/","name":"Water Challenge","description":"","publisher":{"@id":"https:\/\/waterchallenge.eu\/#organization"},"potentialAction":[{"@type":"SearchAction","target":{"@type":"EntryPoint","urlTemplate":"https:\/\/waterchallenge.eu\/?s={search_term_string}"},"query-input":{"@type":"PropertyValueSpecification","valueRequired":true,"valueName":"search_term_string"}}],"inLanguage":"en-GB"},{"@type":"Organization","@id":"https:\/\/waterchallenge.eu\/#organization","name":"Water Challenge","url":"https:\/\/waterchallenge.eu\/","logo":{"@type":"ImageObject","inLanguage":"en-GB","@id":"https:\/\/waterchallenge.eu\/#\/schema\/logo\/image\/","url":"https:\/\/waterchallenge.eu\/wp-content\/uploads\/2025\/05\/image-3.png","contentUrl":"https:\/\/waterchallenge.eu\/wp-content\/uploads\/2025\/05\/image-3.png","width":351,"height":59,"caption":"Water Challenge"},"image":{"@id":"https:\/\/waterchallenge.eu\/#\/schema\/logo\/image\/"}}]}},"_links":{"self":[{"href":"https:\/\/waterchallenge.eu\/en\/wp-json\/wp\/v2\/pages\/969","targetHints":{"allow":["GET"]}}],"collection":[{"href":"https:\/\/waterchallenge.eu\/en\/wp-json\/wp\/v2\/pages"}],"about":[{"href":"https:\/\/waterchallenge.eu\/en\/wp-json\/wp\/v2\/types\/page"}],"author":[{"embeddable":true,"href":"https:\/\/waterchallenge.eu\/en\/wp-json\/wp\/v2\/users\/1"}],"replies":[{"embeddable":true,"href":"https:\/\/waterchallenge.eu\/en\/wp-json\/wp\/v2\/comments?post=969"}],"version-history":[{"count":53,"href":"https:\/\/waterchallenge.eu\/en\/wp-json\/wp\/v2\/pages\/969\/revisions"}],"predecessor-version":[{"id":2300,"href":"https:\/\/waterchallenge.eu\/en\/wp-json\/wp\/v2\/pages\/969\/revisions\/2300"}],"wp:attachment":[{"href":"https:\/\/waterchallenge.eu\/en\/wp-json\/wp\/v2\/media?parent=969"}],"curies":[{"name":"wp","href":"https:\/\/api.w.org\/{rel}","templated":true}]}}