{"id":3,"date":"2025-05-28T14:00:35","date_gmt":"2025-05-28T14:00:35","guid":{"rendered":"https:\/\/waterchallenge.eu\/?page_id=3"},"modified":"2025-06-12T09:01:55","modified_gmt":"2025-06-12T09:01:55","slug":"politica-de-privacidad","status":"publish","type":"page","link":"https:\/\/waterchallenge.eu\/en\/politica-de-privacidad\/","title":{"rendered":"Privacy Policy"},"content":{"rendered":"<div data-elementor-type=\"wp-page\" data-elementor-id=\"3\" class=\"elementor elementor-3\" data-elementor-post-type=\"page\">\n\t\t\t\t<div data-particle_enable=\"false\" data-particle-mobile-disabled=\"false\" class=\"elementor-element elementor-element-0ef87b9 e-con-full e-flex e-con e-parent\" data-id=\"0ef87b9\" data-element_type=\"container\" data-e-type=\"container\" data-settings=\"{&quot;background_background&quot;:&quot;video&quot;}\">\n\t\t\t\t<div class=\"elementor-element elementor-element-25aa62c elementor-widget elementor-widget-spacer\" data-id=\"25aa62c\" data-element_type=\"widget\" data-e-type=\"widget\" data-widget_type=\"spacer.default\">\n\t\t\t\t<div class=\"elementor-widget-container\">\n\t\t\t\t\t\t\t<div class=\"elementor-spacer\">\n\t\t\t<div class=\"elementor-spacer-inner\"><\/div>\n\t\t<\/div>\n\t\t\t\t\t\t<\/div>\n\t\t\t\t<\/div>\n\t\t\t\t<div class=\"elementor-element elementor-element-f7cf27b elementor-widget elementor-widget-heading\" data-id=\"f7cf27b\" data-element_type=\"widget\" data-e-type=\"widget\" data-widget_type=\"heading.default\">\n\t\t\t\t<div class=\"elementor-widget-container\">\n\t\t\t\t\t<h2 class=\"elementor-heading-title elementor-size-default\"><font face=\"century gothic\">Privacy Policy<\/font><\/h2>\t\t\t\t<\/div>\n\t\t\t\t<\/div>\n\t\t\t\t<div class=\"elementor-element elementor-element-b49c34c elementor-widget elementor-widget-spacer\" data-id=\"b49c34c\" data-element_type=\"widget\" data-e-type=\"widget\" data-widget_type=\"spacer.default\">\n\t\t\t\t<div class=\"elementor-widget-container\">\n\t\t\t\t\t\t\t<div class=\"elementor-spacer\">\n\t\t\t<div class=\"elementor-spacer-inner\"><\/div>\n\t\t<\/div>\n\t\t\t\t\t\t<\/div>\n\t\t\t\t<\/div>\n\t\t\t\t<\/div>\n\t\t<div data-particle_enable=\"false\" data-particle-mobile-disabled=\"false\" class=\"elementor-element elementor-element-42728853 e-flex e-con-boxed e-con e-parent\" data-id=\"42728853\" data-element_type=\"container\" data-e-type=\"container\">\n\t\t\t\t\t<div class=\"e-con-inner\">\n\t\t\t\t<div class=\"elementor-element elementor-element-5826de8 elementor-widget elementor-widget-spacer\" data-id=\"5826de8\" data-element_type=\"widget\" data-e-type=\"widget\" data-widget_type=\"spacer.default\">\n\t\t\t\t<div class=\"elementor-widget-container\">\n\t\t\t\t\t\t\t<div class=\"elementor-spacer\">\n\t\t\t<div class=\"elementor-spacer-inner\"><\/div>\n\t\t<\/div>\n\t\t\t\t\t\t<\/div>\n\t\t\t\t<\/div>\n\t\t\t\t<div class=\"elementor-element elementor-element-7dd6f2e7 elementor-widget elementor-widget-text-editor\" data-id=\"7dd6f2e7\" data-element_type=\"widget\" data-e-type=\"widget\" data-widget_type=\"text-editor.default\">\n\t\t\t\t<div class=\"elementor-widget-container\">\n\t\t\t\t\t\t\t\t\t\n<h2 class=\"wp-block-heading\" style=\"font-family: century gothic !important;color:#072146;\"><strong> Responsable del tratamiento<\/strong><\/h2>\n<p>Water Challenge, S.L.<br \/>NIF: B02976512<br \/>Domicilio: Av. Papa Negro 63, 28043 Madrid, Espa\u00f1a<strong><br \/><\/strong>Correo electr\u00f3nico de contacto: administracion@waterchallenge.eu<\/p>\n<h2 style=\"font-family: century gothic !important;color:#072146;\"><strong> What do we use your data for?<\/strong><\/h2>\n<p>Water Challenge, S.L. processes the personal data you provide us with through this website only for the following purposes:<\/p>\n<ul style=\"font-family: century gothic !important;\">\n<li>Manage and answer requests made through the contact form.<br \/><br \/><\/li>\n<li>Send the requested information and communicate news or improvements in our services.<br \/><br \/><\/li>\n<li>Manage your relationship as a client, in case you contract any of our services.<br \/><br \/><\/li>\n<li>In the future: to send commercial communications and newsletters, always with express permission.<br \/><br \/><\/li>\n<\/ul>\n<p>We do not use your data for commercial purposes without your consent, nor do we pass them on to third parties.<\/p>\n<h2 style=\"font-family: century gothic !important;color:#072146;\"><strong> What data do we collect?<\/strong><\/h2>\n<p>The personal data that we may process include, as necessary:<\/p>\n<ul style=\"font-family: century gothic !important;\">\n<li>Full name<br \/><br \/><\/li>\n<li>Email<br \/><br \/><\/li>\n<li>Telephone<br \/><br \/><\/li>\n<li>Company (if its provided)<br \/><br \/><\/li>\n<li>Any additional information that you include in the form message<br \/><br \/><\/li>\n<\/ul>\n<h2 style=\"font-family: century gothic !important;color:#072146;\"><strong> What is the legal base for the treatment?<\/strong><\/h2>\n<p>The primary legal base is your consent, which you give by submitting a contact form or agreeing to our policies.<\/p>\n<p>In some cases, the processing is done for the execution of a contract or the implementation of pre-contractual measures (e.g. if you request a quote).<\/p>\n<p>In the future, if you subscribe to our newsletter or accept commercial communications, we will ask for your explicit consent to do so.<\/p>\n<h2 style=\"font-family: century gothic !important;color:#072146;\"><strong> How long will we keep your data?<\/strong><\/h2>\n<p>The data will be kept for the time necessary to deal with your request or query, and as long as you do not request their deletion.<\/p>\n<p>In case of commercial communications, we will retain your data until you revoke your consent.<\/p>\n<h2 style=\"font-family: century gothic !important;color:#072146;\"><strong> To whom is your data communicated?<\/strong><\/h2>\n<p>We do not communicate your data to third parties unless we are legally obliged to do so, unless it is in your vital interest or unless you have given your prior consent.<\/p>\n<p>In any case, your data is treated confidentially and appropriate security measures are taken to prevent unauthorized access.<\/p>\n<h2 style=\"font-family: century gothic !important;color:#072146;\"><strong> What are your rights?<\/strong><\/h2>\n<p>You can exercise the following rights at any time:<\/p>\n<ul style=\"font-family: century gothic !important;\">\n<li><strong>Access:<\/strong> know what data we process about you.<br \/><br \/><\/li>\n<li><strong>Correction:<\/strong> change incorrect data.<br \/><br \/><\/li>\n<li><strong>Deletion:<\/strong> request that we delete your data.<br \/><br \/><\/li>\n<li><strong>Treatment limitation:<\/strong> restrict the use of your data in certain cases.<br \/><br \/><\/li>\n<li><strong>Opposition:<\/strong> object to processing, for example, for marketing purposes.<br \/><br \/><\/li>\n<li><strong>Portability:<\/strong> request that your data be sent to another provider.<br \/><br \/><\/li>\n<li><strong>Revocation of consent:<\/strong> at any time, without retroactive effect.<br \/><br \/><\/li>\n<\/ul>\n<p>You can exercise these rights by sending an email to administracion@waterchallenge.eu, enclosing a copy of an identity document.<\/p>\n<p>If you consider that we have not treated your data properly, you can file a complaint with the Spanish Data Protection Agency: <a href=\"https:\/\/www.aepd.es\" style=\"color:#07A19C;\">www.aepd.es<\/a>.<\/p>\n<h2 style=\"font-family: century gothic !important;color:#072146;\"><strong> Security of your data<\/strong><\/h2>\n<p>Water Challenge implements technical and organisational measures to ensure the confidentiality, integrity and availability of personal data, and to prevent its loss, alteration or unauthorised access.<\/p>\t\t\t\t\t\t\t\t<\/div>\n\t\t\t\t<\/div>\n\t\t\t\t<div class=\"elementor-element elementor-element-ce8c803 elementor-widget elementor-widget-spacer\" data-id=\"ce8c803\" data-element_type=\"widget\" data-e-type=\"widget\" data-widget_type=\"spacer.default\">\n\t\t\t\t<div class=\"elementor-widget-container\">\n\t\t\t\t\t\t\t<div class=\"elementor-spacer\">\n\t\t\t<div class=\"elementor-spacer-inner\"><\/div>\n\t\t<\/div>\n\t\t\t\t\t\t<\/div>\n\t\t\t\t<\/div>\n\t\t\t\t\t<\/div>\n\t\t\t\t<\/div>\n\t\t\t\t<\/div>","protected":false},"excerpt":{"rendered":"<p>Pol\u00edtica de Privacidad Responsable del tratamiento Water Challenge, S.L.NIF: B02976512Domicilio: Av. Papa Negro 63, 28043 Madrid, Espa\u00f1aCorreo electr\u00f3nico de contacto: administracion@waterchallenge.eu \u00bfPara qu\u00e9 utilizamos tus datos? En Water Challenge, S.L. tratamos los datos personales que nos facilitas a trav\u00e9s de esta web \u00fanicamente para las siguientes finalidades: Gestionar y responder a consultas realizadas mediante el [&hellip;]<\/p>","protected":false},"author":1,"featured_media":0,"parent":0,"menu_order":0,"comment_status":"closed","ping_status":"closed","template":"elementor_header_footer","meta":{"footnotes":""},"class_list":["post-3","page","type-page","status-publish","hentry"],"yoast_head":"<!-- This site is optimized with the Yoast SEO plugin v26.9 - https:\/\/yoast.com\/product\/yoast-seo-wordpress\/ -->\n<title>Pol\u00edtica de Privacidad - Water Challenge<\/title>\n<meta name=\"robots\" content=\"index, follow, max-snippet:-1, max-image-preview:large, max-video-preview:-1\" \/>\n<link rel=\"canonical\" href=\"https:\/\/waterchallenge.eu\/en\/politica-de-privacidad\/\" \/>\n<meta property=\"og:locale\" content=\"en_GB\" \/>\n<meta property=\"og:type\" content=\"article\" \/>\n<meta property=\"og:title\" content=\"Pol\u00edtica de Privacidad - Water Challenge\" \/>\n<meta property=\"og:description\" content=\"Pol\u00edtica de Privacidad Responsable del tratamiento Water Challenge, S.L.NIF: B02976512Domicilio: Av. Papa Negro 63, 28043 Madrid, Espa\u00f1aCorreo electr\u00f3nico de contacto: administracion@waterchallenge.eu \u00bfPara qu\u00e9 utilizamos tus datos? En Water Challenge, S.L. tratamos los datos personales que nos facilitas a trav\u00e9s de esta web \u00fanicamente para las siguientes finalidades: Gestionar y responder a consultas realizadas mediante el [&hellip;]\" \/>\n<meta property=\"og:url\" content=\"https:\/\/waterchallenge.eu\/en\/politica-de-privacidad\/\" \/>\n<meta property=\"og:site_name\" content=\"Water Challenge\" \/>\n<meta property=\"article:modified_time\" content=\"2025-06-12T09:01:55+00:00\" \/>\n<meta name=\"twitter:card\" content=\"summary_large_image\" \/>\n<meta name=\"twitter:label1\" content=\"Estimated reading time\" \/>\n\t<meta name=\"twitter:data1\" content=\"3 minutes\" \/>\n<script type=\"application\/ld+json\" class=\"yoast-schema-graph\">{\"@context\":\"https:\/\/schema.org\",\"@graph\":[{\"@type\":\"WebPage\",\"@id\":\"https:\/\/waterchallenge.eu\/politica-de-privacidad\/\",\"url\":\"https:\/\/waterchallenge.eu\/politica-de-privacidad\/\",\"name\":\"Pol\u00edtica de Privacidad - Water Challenge\",\"isPartOf\":{\"@id\":\"https:\/\/waterchallenge.eu\/#website\"},\"datePublished\":\"2025-05-28T14:00:35+00:00\",\"dateModified\":\"2025-06-12T09:01:55+00:00\",\"breadcrumb\":{\"@id\":\"https:\/\/waterchallenge.eu\/politica-de-privacidad\/#breadcrumb\"},\"inLanguage\":\"en-GB\",\"potentialAction\":[{\"@type\":\"ReadAction\",\"target\":[\"https:\/\/waterchallenge.eu\/politica-de-privacidad\/\"]}]},{\"@type\":\"BreadcrumbList\",\"@id\":\"https:\/\/waterchallenge.eu\/politica-de-privacidad\/#breadcrumb\",\"itemListElement\":[{\"@type\":\"ListItem\",\"position\":1,\"name\":\"Portada\",\"item\":\"https:\/\/waterchallenge.eu\/\"},{\"@type\":\"ListItem\",\"position\":2,\"name\":\"Pol\u00edtica de Privacidad\"}]},{\"@type\":\"WebSite\",\"@id\":\"https:\/\/waterchallenge.eu\/#website\",\"url\":\"https:\/\/waterchallenge.eu\/\",\"name\":\"Water Challenge\",\"description\":\"\",\"publisher\":{\"@id\":\"https:\/\/waterchallenge.eu\/#organization\"},\"potentialAction\":[{\"@type\":\"SearchAction\",\"target\":{\"@type\":\"EntryPoint\",\"urlTemplate\":\"https:\/\/waterchallenge.eu\/?s={search_term_string}\"},\"query-input\":{\"@type\":\"PropertyValueSpecification\",\"valueRequired\":true,\"valueName\":\"search_term_string\"}}],\"inLanguage\":\"en-GB\"},{\"@type\":\"Organization\",\"@id\":\"https:\/\/waterchallenge.eu\/#organization\",\"name\":\"Water Challenge\",\"url\":\"https:\/\/waterchallenge.eu\/\",\"logo\":{\"@type\":\"ImageObject\",\"inLanguage\":\"en-GB\",\"@id\":\"https:\/\/waterchallenge.eu\/#\/schema\/logo\/image\/\",\"url\":\"https:\/\/waterchallenge.eu\/wp-content\/uploads\/2025\/05\/image-3.png\",\"contentUrl\":\"https:\/\/waterchallenge.eu\/wp-content\/uploads\/2025\/05\/image-3.png\",\"width\":351,\"height\":59,\"caption\":\"Water Challenge\"},\"image\":{\"@id\":\"https:\/\/waterchallenge.eu\/#\/schema\/logo\/image\/\"}}]}<\/script>\n<!-- \/ Yoast SEO plugin. -->","yoast_head_json":{"title":"Pol\u00edtica de Privacidad - Water Challenge","robots":{"index":"index","follow":"follow","max-snippet":"max-snippet:-1","max-image-preview":"max-image-preview:large","max-video-preview":"max-video-preview:-1"},"canonical":"https:\/\/waterchallenge.eu\/en\/politica-de-privacidad\/","og_locale":"en_GB","og_type":"article","og_title":"Pol\u00edtica de Privacidad - Water Challenge","og_description":"Pol\u00edtica de Privacidad Responsable del tratamiento Water Challenge, S.L.NIF: B02976512Domicilio: Av. Papa Negro 63, 28043 Madrid, Espa\u00f1aCorreo electr\u00f3nico de contacto: administracion@waterchallenge.eu \u00bfPara qu\u00e9 utilizamos tus datos? En Water Challenge, S.L. tratamos los datos personales que nos facilitas a trav\u00e9s de esta web \u00fanicamente para las siguientes finalidades: Gestionar y responder a consultas realizadas mediante el [&hellip;]","og_url":"https:\/\/waterchallenge.eu\/en\/politica-de-privacidad\/","og_site_name":"Water Challenge","article_modified_time":"2025-06-12T09:01:55+00:00","twitter_card":"summary_large_image","twitter_misc":{"Estimated reading time":"3 minutes"},"schema":{"@context":"https:\/\/schema.org","@graph":[{"@type":"WebPage","@id":"https:\/\/waterchallenge.eu\/politica-de-privacidad\/","url":"https:\/\/waterchallenge.eu\/politica-de-privacidad\/","name":"Pol\u00edtica de Privacidad - Water Challenge","isPartOf":{"@id":"https:\/\/waterchallenge.eu\/#website"},"datePublished":"2025-05-28T14:00:35+00:00","dateModified":"2025-06-12T09:01:55+00:00","breadcrumb":{"@id":"https:\/\/waterchallenge.eu\/politica-de-privacidad\/#breadcrumb"},"inLanguage":"en-GB","potentialAction":[{"@type":"ReadAction","target":["https:\/\/waterchallenge.eu\/politica-de-privacidad\/"]}]},{"@type":"BreadcrumbList","@id":"https:\/\/waterchallenge.eu\/politica-de-privacidad\/#breadcrumb","itemListElement":[{"@type":"ListItem","position":1,"name":"Portada","item":"https:\/\/waterchallenge.eu\/"},{"@type":"ListItem","position":2,"name":"Pol\u00edtica de Privacidad"}]},{"@type":"WebSite","@id":"https:\/\/waterchallenge.eu\/#website","url":"https:\/\/waterchallenge.eu\/","name":"Water Challenge","description":"","publisher":{"@id":"https:\/\/waterchallenge.eu\/#organization"},"potentialAction":[{"@type":"SearchAction","target":{"@type":"EntryPoint","urlTemplate":"https:\/\/waterchallenge.eu\/?s={search_term_string}"},"query-input":{"@type":"PropertyValueSpecification","valueRequired":true,"valueName":"search_term_string"}}],"inLanguage":"en-GB"},{"@type":"Organization","@id":"https:\/\/waterchallenge.eu\/#organization","name":"Water Challenge","url":"https:\/\/waterchallenge.eu\/","logo":{"@type":"ImageObject","inLanguage":"en-GB","@id":"https:\/\/waterchallenge.eu\/#\/schema\/logo\/image\/","url":"https:\/\/waterchallenge.eu\/wp-content\/uploads\/2025\/05\/image-3.png","contentUrl":"https:\/\/waterchallenge.eu\/wp-content\/uploads\/2025\/05\/image-3.png","width":351,"height":59,"caption":"Water Challenge"},"image":{"@id":"https:\/\/waterchallenge.eu\/#\/schema\/logo\/image\/"}}]}},"_links":{"self":[{"href":"https:\/\/waterchallenge.eu\/en\/wp-json\/wp\/v2\/pages\/3","targetHints":{"allow":["GET"]}}],"collection":[{"href":"https:\/\/waterchallenge.eu\/en\/wp-json\/wp\/v2\/pages"}],"about":[{"href":"https:\/\/waterchallenge.eu\/en\/wp-json\/wp\/v2\/types\/page"}],"author":[{"embeddable":true,"href":"https:\/\/waterchallenge.eu\/en\/wp-json\/wp\/v2\/users\/1"}],"replies":[{"embeddable":true,"href":"https:\/\/waterchallenge.eu\/en\/wp-json\/wp\/v2\/comments?post=3"}],"version-history":[{"count":10,"href":"https:\/\/waterchallenge.eu\/en\/wp-json\/wp\/v2\/pages\/3\/revisions"}],"predecessor-version":[{"id":445,"href":"https:\/\/waterchallenge.eu\/en\/wp-json\/wp\/v2\/pages\/3\/revisions\/445"}],"wp:attachment":[{"href":"https:\/\/waterchallenge.eu\/en\/wp-json\/wp\/v2\/media?parent=3"}],"curies":[{"name":"wp","href":"https:\/\/api.w.org\/{rel}","templated":true}]}}