{"id":233,"date":"2025-06-09T14:30:46","date_gmt":"2025-06-09T14:30:46","guid":{"rendered":"https:\/\/waterchallenge.eu\/?page_id=233"},"modified":"2025-09-09T08:18:54","modified_gmt":"2025-09-09T08:18:54","slug":"contacto","status":"publish","type":"page","link":"https:\/\/waterchallenge.eu\/en\/contacto\/","title":{"rendered":"Contact"},"content":{"rendered":"<div data-elementor-type=\"wp-page\" data-elementor-id=\"233\" class=\"elementor elementor-233\" data-elementor-post-type=\"page\">\n\t\t\t\t<div data-particle_enable=\"false\" data-particle-mobile-disabled=\"false\" class=\"elementor-element elementor-element-e8aaa82 e-flex e-con-boxed e-con e-parent\" data-id=\"e8aaa82\" data-element_type=\"container\" data-e-type=\"container\" data-settings=\"{&quot;background_background&quot;:&quot;classic&quot;}\">\n\t\t\t\t\t<div class=\"e-con-inner\">\n\t\t\t\t<div class=\"elementor-element elementor-element-35e2c29 elementor-widget elementor-widget-heading\" data-id=\"35e2c29\" data-element_type=\"widget\" data-e-type=\"widget\" data-widget_type=\"heading.default\">\n\t\t\t\t<div class=\"elementor-widget-container\">\n\t\t\t\t\t<h2 class=\"elementor-heading-title elementor-size-default\"><font face=\"century gothic\">Contact us<\/font><\/h2>\t\t\t\t<\/div>\n\t\t\t\t<\/div>\n\t\t\t\t\t<\/div>\n\t\t\t\t<\/div>\n\t\t<div data-particle_enable=\"false\" data-particle-mobile-disabled=\"false\" class=\"elementor-element elementor-element-76b9e73 e-flex e-con-boxed e-con e-parent\" data-id=\"76b9e73\" data-element_type=\"container\" data-e-type=\"container\">\n\t\t\t\t\t<div class=\"e-con-inner\">\n\t\t\t\t<div class=\"elementor-element elementor-element-bbbdbfc elementor-view-default elementor-widget elementor-widget-icon\" data-id=\"bbbdbfc\" data-element_type=\"widget\" data-e-type=\"widget\" data-widget_type=\"icon.default\">\n\t\t\t\t<div class=\"elementor-widget-container\">\n\t\t\t\t\t\t\t<div class=\"elementor-icon-wrapper\">\n\t\t\t<a class=\"elementor-icon\" href=\"https:\/\/www.linkedin.com\/company\/water-challenge\/?originalSubdomain=es\">\n\t\t\t<svg aria-hidden=\"true\" class=\"e-font-icon-svg e-fab-linkedin\" viewbox=\"0 0 448 512\" xmlns=\"http:\/\/www.w3.org\/2000\/svg\"><path d=\"M416 32H31.9C14.3 32 0 46.5 0 64.3v383.4C0 465.5 14.3 480 31.9 480H416c17.6 0 32-14.5 32-32.3V64.3c0-17.8-14.4-32.3-32-32.3zM135.4 416H69V202.2h66.5V416zm-33.2-243c-21.3 0-38.5-17.3-38.5-38.5S80.9 96 102.2 96c21.2 0 38.5 17.3 38.5 38.5 0 21.3-17.2 38.5-38.5 38.5zm282.1 243h-66.4V312c0-24.8-.5-56.7-34.5-56.7-34.6 0-39.9 27-39.9 54.9V416h-66.4V202.2h63.7v29.2h.9c8.9-16.8 30.6-34.5 62.9-34.5 67.2 0 79.7 44.3 79.7 101.9V416z\"><\/path><\/svg>\t\t\t<\/a>\n\t\t<\/div>\n\t\t\t\t\t\t<\/div>\n\t\t\t\t<\/div>\n\t\t\t\t<div class=\"elementor-element elementor-element-30c1a4b elementor-widget elementor-widget-text-editor\" data-id=\"30c1a4b\" data-element_type=\"widget\" data-e-type=\"widget\" data-widget_type=\"text-editor.default\">\n\t\t\t\t<div class=\"elementor-widget-container\">\n\t\t\t\t\t\t\t\t\t<a href=\"https:\/\/www.linkedin.com\/company\/water-challenge\/?originalSubdomain=es\" style=\"color:#072146;\">Follow us on LinkedIn<\/a>\t\t\t\t\t\t\t\t<\/div>\n\t\t\t\t<\/div>\n\t\t\t\t\t<\/div>\n\t\t\t\t<\/div>\n\t\t<div data-particle_enable=\"false\" data-particle-mobile-disabled=\"false\" class=\"elementor-element elementor-element-4c786c8 e-flex e-con-boxed e-con e-parent\" data-id=\"4c786c8\" data-element_type=\"container\" data-e-type=\"container\">\n\t\t\t\t\t<div class=\"e-con-inner\">\n\t\t<div data-particle_enable=\"false\" data-particle-mobile-disabled=\"false\" class=\"elementor-element elementor-element-1026a2d e-con-full e-flex e-con e-child\" data-id=\"1026a2d\" data-element_type=\"container\" data-e-type=\"container\">\n\t\t<div data-particle_enable=\"false\" data-particle-mobile-disabled=\"false\" class=\"elementor-element elementor-element-9e2eebc e-con-full e-flex e-con e-child\" data-id=\"9e2eebc\" data-element_type=\"container\" data-e-type=\"container\">\n\t\t\t\t<div class=\"elementor-element elementor-element-87bd283 elementor-view-default elementor-widget elementor-widget-icon\" data-id=\"87bd283\" data-element_type=\"widget\" data-e-type=\"widget\" data-widget_type=\"icon.default\">\n\t\t\t\t<div class=\"elementor-widget-container\">\n\t\t\t\t\t\t\t<div class=\"elementor-icon-wrapper\">\n\t\t\t<div class=\"elementor-icon\">\n\t\t\t<svg aria-hidden=\"true\" class=\"e-font-icon-svg e-fas-map-marker-alt\" viewbox=\"0 0 384 512\" xmlns=\"http:\/\/www.w3.org\/2000\/svg\"><path d=\"M172.268 501.67C26.97 291.031 0 269.413 0 192 0 85.961 85.961 0 192 0s192 85.961 192 192c0 77.413-26.97 99.031-172.268 309.67-9.535 13.774-29.93 13.773-39.464 0zM192 272c44.183 0 80-35.817 80-80s-35.817-80-80-80-80 35.817-80 80 35.817 80 80 80z\"><\/path><\/svg>\t\t\t<\/div>\n\t\t<\/div>\n\t\t\t\t\t\t<\/div>\n\t\t\t\t<\/div>\n\t\t\t\t<div class=\"elementor-element elementor-element-8c00672 elementor-widget-mobile__width-initial elementor-widget elementor-widget-text-editor\" data-id=\"8c00672\" data-element_type=\"widget\" data-e-type=\"widget\" data-widget_type=\"text-editor.default\">\n\t\t\t\t<div class=\"elementor-widget-container\">\n\t\t\t\t\t\t\t\t\t<p>Calle del \u00c1lamo Carolino S\/N<br \/>41703 Dos Hermanas \u2013 Seville, Spain<\/p>\t\t\t\t\t\t\t\t<\/div>\n\t\t\t\t<\/div>\n\t\t\t\t<\/div>\n\t\t<a class=\"eael-wrapper-link-4ebb335 --eael-wrapper-link-tag\" href=\"https:\/\/www.google.es\/maps\/place\/C.+%C3%81lamo+Carolino,+41703,+Sevilla\/@37.3093736,-5.9773928,17z\/data=!3m1!4b1!4m6!3m5!1s0xd1271faf8518ef1:0x84bf380c10b351ab!8m2!3d37.3093694!4d-5.9748179!16s%2Fg%2F11bvtgc5xv?hl=es&#038;entry=ttu&#038;g_ep=EgoyMDI1MDcxNi4wIKXMDSoASAFQAw%3D%3D\"><\/a>\t\t<div data-eael-wrapper-link=\"eael-wrapper-link-4ebb335\" class=\"elementor-element elementor-element-4ebb335 elementor-widget elementor-widget-image\" data-id=\"4ebb335\" data-element_type=\"widget\" data-e-type=\"widget\" data-widget_type=\"image.default\">\n\t\t\t\t<div class=\"elementor-widget-container\">\n\t\t\t\t\t\t\t\t\t\t\t\t\t\t\t<img fetchpriority=\"high\" decoding=\"async\" width=\"798\" height=\"798\" src=\"https:\/\/waterchallenge.eu\/wp-content\/uploads\/2025\/06\/mapa-water-challenge.png\" class=\"attachment-large size-large wp-image-594\" alt=\"\" srcset=\"https:\/\/waterchallenge.eu\/wp-content\/uploads\/2025\/06\/mapa-water-challenge.png 798w, https:\/\/waterchallenge.eu\/wp-content\/uploads\/2025\/06\/mapa-water-challenge-300x300.png 300w, https:\/\/waterchallenge.eu\/wp-content\/uploads\/2025\/06\/mapa-water-challenge-150x150.png 150w, https:\/\/waterchallenge.eu\/wp-content\/uploads\/2025\/06\/mapa-water-challenge-768x768.png 768w, https:\/\/waterchallenge.eu\/wp-content\/uploads\/2025\/06\/mapa-water-challenge-12x12.png 12w\" sizes=\"(max-width: 798px) 100vw, 798px\" \/>\t\t\t\t\t\t\t\t\t\t\t\t\t\t\t<\/div>\n\t\t\t\t<\/div>\n\t\t\t\t<\/div>\n\t\t<div data-particle_enable=\"false\" data-particle-mobile-disabled=\"false\" class=\"elementor-element elementor-element-3a9b6fd e-con-full e-flex e-con e-child\" data-id=\"3a9b6fd\" data-element_type=\"container\" data-e-type=\"container\">\n\t\t\t\t<div class=\"elementor-element elementor-element-8572b51 elementor-widget__width-initial elementor-widget elementor-widget-heading\" data-id=\"8572b51\" data-element_type=\"widget\" data-e-type=\"widget\" data-widget_type=\"heading.default\">\n\t\t\t\t<div class=\"elementor-widget-container\">\n\t\t\t\t\t<h2 class=\"elementor-heading-title elementor-size-default\">Contact Form<\/h2>\t\t\t\t<\/div>\n\t\t\t\t<\/div>\n\t\t<div data-particle_enable=\"false\" data-particle-mobile-disabled=\"false\" class=\"elementor-element elementor-element-a638b6a e-con-full e-flex e-con e-child\" data-id=\"a638b6a\" data-element_type=\"container\" data-e-type=\"container\">\n\t\t\t\t<div class=\"elementor-element elementor-element-c6cb59d fluentform-widget-submit-button-custom elementor-widget elementor-widget-fluent-form-widget\" data-id=\"c6cb59d\" data-element_type=\"widget\" data-e-type=\"widget\" data-widget_type=\"fluent-form-widget.default\">\n\t\t\t\t<div class=\"elementor-widget-container\">\n\t\t\t\t\t\n            <div class=\"fluentform-widget-wrapper fluentform-widget-custom-radio-checkbox fluentform-widget-align-left\">\n\n            \n            <div class='fluentform ff-default fluentform_wrapper_2 ffs_default_wrap'><form data-form_id=\"2\" id=\"fluentform_2\" class=\"frm-fluent-form fluent_form_2 ff-el-form-top ff_form_instance_2_1 ff-form-loading ff_has_v3_recptcha ffs_default\" data-form_instance=\"ff_form_instance_2_1\" method=\"POST\" data-recptcha_key=\"6Le28pAdAAAAABnVnQocI3M9Q9iA0UIanLFFLAR7\" action=\"\" ><fieldset  style=\"border: none!important;margin: 0!important;padding: 0!important;background-color: transparent!important;box-shadow: none!important;outline: none!important; min-inline-size: 100%;\">\n                    <legend class=\"ff_screen_reader_title\" style=\"display: block; margin: 0!important;padding: 0!important;height: 0!important;text-indent: -999999px;width: 0!important;overflow:hidden;\">Contact Form<\/legend><input type='hidden' name='__fluent_form_embded_post_id' value='233' \/><input type=\"hidden\" id=\"_fluentform_2_fluentformnonce\" name=\"_fluentform_2_fluentformnonce\" value=\"3c25049644\" \/><input type=\"hidden\" name=\"_wp_http_referer\" value=\"\/en\/wp-json\/wp\/v2\/pages\/233\" \/><div data-name=\"ff_cn_id_1\"  class='ff-t-container ff-column-container ff_columns_total_2'><div class='ff-t-cell ff-t-column-1' style='flex-basis: 50%;'><div data-type=\"name-element\" data-name=\"names\" class=\"ff-field_container ff-name-field-wrapper\" ><div class='ff-t-container'><div class='ff-t-cell'><div class='ff-el-group ff-el-form-top'><div class='ff-el-input--content'><input type=\"text\" name=\"names[first_name]\" id=\"ff_2_names_first_name_\" class=\"ff-el-form-control\" placeholder=\"Full Name\" aria-invalid=\"false\" aria-required=\"true\"><\/div><\/div><\/div><\/div><\/div><div class='ff-el-group'><div class='ff-el-input--content'><input type=\"email\" name=\"email\" id=\"ff_2_email\" class=\"ff-el-form-control\" placeholder=\"Email\" data-name=\"email\"  aria-invalid=\"false\" aria-required=\"true\"><\/div><\/div><div class='ff-el-group'><div class='ff-el-input--content'><input type=\"number\" name=\"numeric_field\" id=\"ff_2_numeric_field\" class=\"ff-el-form-control\" placeholder=\"Telephone\" data-name=\"numeric_field\" inputmode=\"numeric\" step=\"any\"  aria-invalid=\"false\" aria-required=\"true\"><\/div><\/div><div class='ff-el-group'><div class='ff-el-input--content'><select name=\"dropdown_1\" id=\"ff_2_dropdown_1\" class=\"ff-el-form-control\" data-name=\"dropdown_1\" data-calc_value=\"0\"  aria-invalid=\"false\" aria-required=\"true\" aria-labelledby=\"label_ff_2_dropdown_1\"><option value=\"\">- Sector \/ Industry -<\/option><option value=\"Bebidas\"  >Beverages<\/option><option value=\"Desalinizaci\u00f3n: Agua de mar\"  >Desalination: Seawater<\/option><option value=\"Desalinizaci\u00f3n: Desalinizaci\u00f3n (Otros)\"  >Desalination: Desalination (Other)<\/option><option value=\"Desalinizaci\u00f3n: De Agua Salobre de Pozo\"  >Desalination: Of Brackish Water from Well<\/option><option value=\"Alimentaci\u00f3n\"  >Feeding<\/option><option value=\"Deshidrataci\u00f3n de Alimentos\"  >Food Dehydration<\/option><option value=\"Aguas Industriales: Petroqu\u00edmica\"  >Industrial Waters: Petrochemical<\/option><option value=\"Aguas industriales: Farmac\u00e9utica\"  >Industrial Waters: Pharmaceuticals<\/option><option value=\"Aguas Industriales: Textil\"  >Industrial Waters: Textile<\/option><option value=\"Aguas Industriales: Otras\"  >Industrial Waters: Others<\/option><option value=\"Aguas Nucleares\"  >Nuclear Waters<\/option><option value=\"Petr\u00f3leo y Gas\"  >Oil &amp; Gas<\/option><option value=\"Sector Primario: Agricultura \/ Alpechines\"  >Primary Sector: Agriculture \/ Alpechines<\/option><option value=\"Sector Primario: Agricultura \/ Otros\"  >Primary Sector: Agriculture \/ Other<\/option><option value=\"Sector Primario: Ganader\u00eda \/ Otros\"  >Primary Sector: Livestock \/ Other<\/option><option value=\"Sector Primario: Ganader\u00eda \/ Purines\"  >Primary Sector: Livestock \/ Purine<\/option><option value=\"Sector Primario: Miner\u00eda\"  >Primary Sector: Mining<\/option><option value=\"Saneamiento: Lodos (EDAR)\"  >Sanitation: Sludge (WWTP)<\/option><option value=\"Saneamiento: Lixiviados de Vertederos de Residuos S\u00f3lidos\"  >Sanitation: Leachate from Solid Waste Dumps<\/option><\/select><\/div><\/div><div class='ff-el-group'><div class='ff-el-input--content'><textarea aria-required=\"false\" aria-labelledby=\"label_ff_2_description\" name=\"description\" id=\"ff_2_description\" class=\"ff-el-form-control\" placeholder=\"Message\" rows=\"3\" cols=\"2\" data-name=\"description\" ><\/textarea><\/div><\/div><div class='ff-el-group  conditions  ff-el-input--content'><div class='ff-el-form-check ff-el-tc'><label aria-label='Terms and Conditions: He le\u00eddo y acepto la Pol\u00edtica de Privacidad Contains 1 link. Use tab navigation to review.' class='ff-el-form-check-label ff_tc_label' for=\"terms-n-condition_ffd14b888167ed9673b001ba201f980b\"><span class='ff_tc_checkbox'><input type=\"checkbox\" name=\"terms-n-condition\" class=\"ff-el-form-check-input\" data-name=\"terms-n-condition\" id=\"terms-n-condition_ffd14b888167ed9673b001ba201f980b\"  value='on' aria-invalid='false' aria-required=\"true\"><\/span> <div class='ff_t_c'><p>I have read and accept the <a href=\"\/en\/politica-de-privacidad\/\" target=\"_blank\" rel=\"noopener\">Privacy Policy<\/a><\/p><\/div><\/label><\/div><\/div><\/div><div class='ff-t-cell ff-t-column-2' style='flex-basis: 50%;'><\/div><\/div><div class='ff-el-group ff-text-left ff_submit_btn_wrapper'><button type=\"submit\" class=\"ff-btn ff-btn-submit ff-btn-md ff_btn_style\"  aria-label=\"Send\">Send<\/button><\/div><\/fieldset><input type=\"hidden\" name=\"trp-form-language\" value=\"en\"\/><\/form><div id='fluentform_2_errors' class='ff-errors-in-stack ff_form_instance_2_1 ff-form-loading_errors ff_form_instance_2_1_errors'><\/div><\/div>            <script type=\"text\/javascript\">\n                window.fluent_form_ff_form_instance_2_1 = {\"id\":\"2\",\"settings\":{\"layout\":{\"labelPlacement\":\"top\",\"helpMessagePlacement\":\"with_label\",\"errorMessagePlacement\":\"inline\",\"asteriskPlacement\":\"asterisk-right\"},\"restrictions\":{\"denyEmptySubmission\":{\"enabled\":false}}},\"form_instance\":\"ff_form_instance_2_1\",\"form_id_selector\":\"fluentform_2\",\"rules\":{\"names[first_name]\":{\"required\":{\"value\":true,\"message\":\"This field is required\",\"global_message\":\"Este campo es obligatorio\",\"global\":true}},\"names[middle_name]\":{\"required\":{\"value\":false,\"message\":\"This field is required\",\"global_message\":\"Este campo es obligatorio\",\"global\":true}},\"names[last_name]\":{\"required\":{\"value\":false,\"message\":\"This field is required\",\"global_message\":\"Este campo es obligatorio\",\"global\":true}},\"email\":{\"required\":{\"value\":true,\"message\":\"This field is required\",\"global_message\":\"Este campo es obligatorio\",\"global\":true},\"email\":{\"value\":true,\"message\":\"This field must contain a valid email\",\"global_message\":\"Este campo debe contener un correo electr\\u00f3nico v\\u00e1lido\",\"global\":true}},\"numeric_field\":{\"required\":{\"value\":true,\"message\":\"This field is required\",\"global_message\":\"Este campo es obligatorio\",\"global\":true},\"numeric\":{\"value\":true,\"message\":\"This field must contain numeric value\",\"global_message\":\"Este campo debe contener valor num\\u00e9rico\",\"global\":true},\"min\":{\"value\":\"\",\"message\":\"Validation fails for minimum value\",\"global_message\":\"La validaci\\u00f3n falla por el valor m\\u00ednimo\",\"global\":true},\"max\":{\"value\":\"\",\"message\":\"Validation fails for maximum value\",\"global_message\":\"La validaci\\u00f3n falla por el valor m\\u00e1ximo\",\"global\":true},\"digits\":{\"value\":\"\",\"message\":\"Validation fails for limited digits\",\"global_message\":\"La validaci\\u00f3n falla por d\\u00edgitos limitados\",\"global\":true}},\"dropdown_1\":{\"required\":{\"value\":true,\"message\":\"This field is required\",\"global_message\":\"Este campo es obligatorio\",\"global\":true}},\"description\":{\"required\":{\"value\":false,\"message\":\"This field is required\",\"global_message\":\"Este campo es obligatorio\",\"global\":true}},\"terms-n-condition\":{\"required\":{\"value\":true,\"message\":\"This field is required\",\"global_message\":\"Este campo es obligatorio\",\"global\":true}},\"g-recaptcha-response\":[]},\"debounce_time\":300};\n                            <\/script>\n                        <\/div>\n\n            \t\t\t\t<\/div>\n\t\t\t\t<\/div>\n\t\t\t\t<\/div>\n\t\t\t\t<\/div>\n\t\t\t\t\t<\/div>\n\t\t\t\t<\/div>\n\t\t\t\t<\/div>","protected":false},"excerpt":{"rendered":"<p>Contacta con nosotros S\u00edguenos en LinkedIn Calle del \u00c1lamo Carolino S\/N41703 Dos Hermanas &#8211; Sevilla (Spain) Formulario de contacto Formulario de contacto &#8211; Sector \/ Industria &#8211;BebidasDesalinizaci\u00f3n: Agua de marDesalinizaci\u00f3n: Desalinizaci\u00f3n (Otros)Desalinizaci\u00f3n: De Agua Salobre de PozoAlimentaci\u00f3nDeshidrataci\u00f3n de AlimentosAguas Industriales: Petroqu\u00edmicaAguas industriales: Farmac\u00e9uticaAguas Industriales: TextilAguas Industriales: OtrasAguas NuclearesPetr\u00f3leo y GasSector Primario: Agricultura \/ AlpechinesSector Primario: [&hellip;]<\/p>","protected":false},"author":1,"featured_media":0,"parent":0,"menu_order":0,"comment_status":"closed","ping_status":"closed","template":"elementor_header_footer","meta":{"footnotes":""},"class_list":["post-233","page","type-page","status-publish","hentry"],"yoast_head":"<!-- This site is optimized with the Yoast SEO plugin v26.9 - https:\/\/yoast.com\/product\/yoast-seo-wordpress\/ -->\n<title>Contacta con nosotros | Water Challenge<\/title>\n<meta name=\"description\" content=\"Puedes ponerte en contacto con Water Challenge a trav\u00e9s de este enlace.\" \/>\n<meta name=\"robots\" content=\"index, follow, max-snippet:-1, max-image-preview:large, max-video-preview:-1\" \/>\n<link rel=\"canonical\" href=\"https:\/\/waterchallenge.eu\/en\/contacto\/\" \/>\n<meta property=\"og:locale\" content=\"en_GB\" \/>\n<meta property=\"og:type\" content=\"article\" \/>\n<meta property=\"og:title\" content=\"Contacta con nosotros | Water Challenge\" \/>\n<meta property=\"og:description\" content=\"Puedes ponerte en contacto con Water Challenge a trav\u00e9s de este enlace.\" \/>\n<meta property=\"og:url\" content=\"https:\/\/waterchallenge.eu\/en\/contacto\/\" \/>\n<meta property=\"og:site_name\" content=\"Water Challenge\" \/>\n<meta property=\"article:modified_time\" content=\"2025-09-09T08:18:54+00:00\" \/>\n<meta property=\"og:image\" content=\"https:\/\/waterchallenge.eu\/wp-content\/uploads\/2025\/06\/mapa-water-challenge.png\" \/>\n\t<meta property=\"og:image:width\" content=\"798\" \/>\n\t<meta property=\"og:image:height\" content=\"798\" \/>\n\t<meta property=\"og:image:type\" content=\"image\/png\" \/>\n<meta name=\"twitter:card\" content=\"summary_large_image\" \/>\n<meta name=\"twitter:label1\" content=\"Estimated reading time\" \/>\n\t<meta name=\"twitter:data1\" content=\"1 minute\" \/>\n<script type=\"application\/ld+json\" class=\"yoast-schema-graph\">{\"@context\":\"https:\/\/schema.org\",\"@graph\":[{\"@type\":\"WebPage\",\"@id\":\"https:\/\/waterchallenge.eu\/contacto\/\",\"url\":\"https:\/\/waterchallenge.eu\/contacto\/\",\"name\":\"Contacta con nosotros | Water Challenge\",\"isPartOf\":{\"@id\":\"https:\/\/waterchallenge.eu\/#website\"},\"primaryImageOfPage\":{\"@id\":\"https:\/\/waterchallenge.eu\/contacto\/#primaryimage\"},\"image\":{\"@id\":\"https:\/\/waterchallenge.eu\/contacto\/#primaryimage\"},\"thumbnailUrl\":\"https:\/\/waterchallenge.eu\/wp-content\/uploads\/2025\/06\/mapa-water-challenge.png\",\"datePublished\":\"2025-06-09T14:30:46+00:00\",\"dateModified\":\"2025-09-09T08:18:54+00:00\",\"description\":\"Puedes ponerte en contacto con Water Challenge a trav\u00e9s de este enlace.\",\"breadcrumb\":{\"@id\":\"https:\/\/waterchallenge.eu\/contacto\/#breadcrumb\"},\"inLanguage\":\"en-GB\",\"potentialAction\":[{\"@type\":\"ReadAction\",\"target\":[\"https:\/\/waterchallenge.eu\/contacto\/\"]}]},{\"@type\":\"ImageObject\",\"inLanguage\":\"en-GB\",\"@id\":\"https:\/\/waterchallenge.eu\/contacto\/#primaryimage\",\"url\":\"https:\/\/waterchallenge.eu\/wp-content\/uploads\/2025\/06\/mapa-water-challenge.png\",\"contentUrl\":\"https:\/\/waterchallenge.eu\/wp-content\/uploads\/2025\/06\/mapa-water-challenge.png\"},{\"@type\":\"BreadcrumbList\",\"@id\":\"https:\/\/waterchallenge.eu\/contacto\/#breadcrumb\",\"itemListElement\":[{\"@type\":\"ListItem\",\"position\":1,\"name\":\"Portada\",\"item\":\"https:\/\/waterchallenge.eu\/\"},{\"@type\":\"ListItem\",\"position\":2,\"name\":\"Contacto\"}]},{\"@type\":\"WebSite\",\"@id\":\"https:\/\/waterchallenge.eu\/#website\",\"url\":\"https:\/\/waterchallenge.eu\/\",\"name\":\"Water Challenge\",\"description\":\"\",\"publisher\":{\"@id\":\"https:\/\/waterchallenge.eu\/#organization\"},\"potentialAction\":[{\"@type\":\"SearchAction\",\"target\":{\"@type\":\"EntryPoint\",\"urlTemplate\":\"https:\/\/waterchallenge.eu\/?s={search_term_string}\"},\"query-input\":{\"@type\":\"PropertyValueSpecification\",\"valueRequired\":true,\"valueName\":\"search_term_string\"}}],\"inLanguage\":\"en-GB\"},{\"@type\":\"Organization\",\"@id\":\"https:\/\/waterchallenge.eu\/#organization\",\"name\":\"Water Challenge\",\"url\":\"https:\/\/waterchallenge.eu\/\",\"logo\":{\"@type\":\"ImageObject\",\"inLanguage\":\"en-GB\",\"@id\":\"https:\/\/waterchallenge.eu\/#\/schema\/logo\/image\/\",\"url\":\"https:\/\/waterchallenge.eu\/wp-content\/uploads\/2025\/05\/image-3.png\",\"contentUrl\":\"https:\/\/waterchallenge.eu\/wp-content\/uploads\/2025\/05\/image-3.png\",\"width\":351,\"height\":59,\"caption\":\"Water Challenge\"},\"image\":{\"@id\":\"https:\/\/waterchallenge.eu\/#\/schema\/logo\/image\/\"}}]}<\/script>\n<!-- \/ Yoast SEO plugin. -->","yoast_head_json":{"title":"Contacta con nosotros | Water Challenge","description":"Puedes ponerte en contacto con Water Challenge a trav\u00e9s de este enlace.","robots":{"index":"index","follow":"follow","max-snippet":"max-snippet:-1","max-image-preview":"max-image-preview:large","max-video-preview":"max-video-preview:-1"},"canonical":"https:\/\/waterchallenge.eu\/en\/contacto\/","og_locale":"en_GB","og_type":"article","og_title":"Contacta con nosotros | Water Challenge","og_description":"Puedes ponerte en contacto con Water Challenge a trav\u00e9s de este enlace.","og_url":"https:\/\/waterchallenge.eu\/en\/contacto\/","og_site_name":"Water Challenge","article_modified_time":"2025-09-09T08:18:54+00:00","og_image":[{"width":798,"height":798,"url":"https:\/\/waterchallenge.eu\/wp-content\/uploads\/2025\/06\/mapa-water-challenge.png","type":"image\/png"}],"twitter_card":"summary_large_image","twitter_misc":{"Estimated reading time":"1 minute"},"schema":{"@context":"https:\/\/schema.org","@graph":[{"@type":"WebPage","@id":"https:\/\/waterchallenge.eu\/contacto\/","url":"https:\/\/waterchallenge.eu\/contacto\/","name":"Contacta con nosotros | Water Challenge","isPartOf":{"@id":"https:\/\/waterchallenge.eu\/#website"},"primaryImageOfPage":{"@id":"https:\/\/waterchallenge.eu\/contacto\/#primaryimage"},"image":{"@id":"https:\/\/waterchallenge.eu\/contacto\/#primaryimage"},"thumbnailUrl":"https:\/\/waterchallenge.eu\/wp-content\/uploads\/2025\/06\/mapa-water-challenge.png","datePublished":"2025-06-09T14:30:46+00:00","dateModified":"2025-09-09T08:18:54+00:00","description":"Puedes ponerte en contacto con Water Challenge a trav\u00e9s de este enlace.","breadcrumb":{"@id":"https:\/\/waterchallenge.eu\/contacto\/#breadcrumb"},"inLanguage":"en-GB","potentialAction":[{"@type":"ReadAction","target":["https:\/\/waterchallenge.eu\/contacto\/"]}]},{"@type":"ImageObject","inLanguage":"en-GB","@id":"https:\/\/waterchallenge.eu\/contacto\/#primaryimage","url":"https:\/\/waterchallenge.eu\/wp-content\/uploads\/2025\/06\/mapa-water-challenge.png","contentUrl":"https:\/\/waterchallenge.eu\/wp-content\/uploads\/2025\/06\/mapa-water-challenge.png"},{"@type":"BreadcrumbList","@id":"https:\/\/waterchallenge.eu\/contacto\/#breadcrumb","itemListElement":[{"@type":"ListItem","position":1,"name":"Portada","item":"https:\/\/waterchallenge.eu\/"},{"@type":"ListItem","position":2,"name":"Contacto"}]},{"@type":"WebSite","@id":"https:\/\/waterchallenge.eu\/#website","url":"https:\/\/waterchallenge.eu\/","name":"Water Challenge","description":"","publisher":{"@id":"https:\/\/waterchallenge.eu\/#organization"},"potentialAction":[{"@type":"SearchAction","target":{"@type":"EntryPoint","urlTemplate":"https:\/\/waterchallenge.eu\/?s={search_term_string}"},"query-input":{"@type":"PropertyValueSpecification","valueRequired":true,"valueName":"search_term_string"}}],"inLanguage":"en-GB"},{"@type":"Organization","@id":"https:\/\/waterchallenge.eu\/#organization","name":"Water Challenge","url":"https:\/\/waterchallenge.eu\/","logo":{"@type":"ImageObject","inLanguage":"en-GB","@id":"https:\/\/waterchallenge.eu\/#\/schema\/logo\/image\/","url":"https:\/\/waterchallenge.eu\/wp-content\/uploads\/2025\/05\/image-3.png","contentUrl":"https:\/\/waterchallenge.eu\/wp-content\/uploads\/2025\/05\/image-3.png","width":351,"height":59,"caption":"Water Challenge"},"image":{"@id":"https:\/\/waterchallenge.eu\/#\/schema\/logo\/image\/"}}]}},"_links":{"self":[{"href":"https:\/\/waterchallenge.eu\/en\/wp-json\/wp\/v2\/pages\/233","targetHints":{"allow":["GET"]}}],"collection":[{"href":"https:\/\/waterchallenge.eu\/en\/wp-json\/wp\/v2\/pages"}],"about":[{"href":"https:\/\/waterchallenge.eu\/en\/wp-json\/wp\/v2\/types\/page"}],"author":[{"embeddable":true,"href":"https:\/\/waterchallenge.eu\/en\/wp-json\/wp\/v2\/users\/1"}],"replies":[{"embeddable":true,"href":"https:\/\/waterchallenge.eu\/en\/wp-json\/wp\/v2\/comments?post=233"}],"version-history":[{"count":163,"href":"https:\/\/waterchallenge.eu\/en\/wp-json\/wp\/v2\/pages\/233\/revisions"}],"predecessor-version":[{"id":2312,"href":"https:\/\/waterchallenge.eu\/en\/wp-json\/wp\/v2\/pages\/233\/revisions\/2312"}],"wp:attachment":[{"href":"https:\/\/waterchallenge.eu\/en\/wp-json\/wp\/v2\/media?parent=233"}],"curies":[{"name":"wp","href":"https:\/\/api.w.org\/{rel}","templated":true}]}}