{"id":2238,"date":"2025-08-20T07:07:01","date_gmt":"2025-08-20T07:07:01","guid":{"rendered":"https:\/\/waterchallenge.eu\/?page_id=2238"},"modified":"2025-08-20T07:09:42","modified_gmt":"2025-08-20T07:09:42","slug":"digitalizacion-iot","status":"publish","type":"page","link":"https:\/\/waterchallenge.eu\/en\/digitalizacion-iot\/","title":{"rendered":"Digitalizaci\u00f3n IoT"},"content":{"rendered":"<div data-elementor-type=\"wp-page\" data-elementor-id=\"2238\" class=\"elementor elementor-2238\" data-elementor-post-type=\"page\">\n\t\t\t\t<div data-particle_enable=\"false\" data-particle-mobile-disabled=\"false\" class=\"elementor-element elementor-element-e43e490 e-flex e-con-boxed e-con e-parent\" data-id=\"e43e490\" data-element_type=\"container\" data-e-type=\"container\">\n\t\t\t\t\t<div class=\"e-con-inner\">\n\t\t\t\t<div class=\"elementor-element elementor-element-c3e12f2 elementor-widget elementor-widget-spacer\" data-id=\"c3e12f2\" data-element_type=\"widget\" data-e-type=\"widget\" data-widget_type=\"spacer.default\">\n\t\t\t\t<div class=\"elementor-widget-container\">\n\t\t\t\t\t\t\t<div class=\"elementor-spacer\">\n\t\t\t<div class=\"elementor-spacer-inner\"><\/div>\n\t\t<\/div>\n\t\t\t\t\t\t<\/div>\n\t\t\t\t<\/div>\n\t\t\t\t\t<\/div>\n\t\t\t\t<\/div>\n\t\t<div data-particle_enable=\"false\" data-particle-mobile-disabled=\"false\" class=\"elementor-element elementor-element-76b9e73 e-flex e-con-boxed e-con e-parent\" data-id=\"76b9e73\" data-element_type=\"container\" data-e-type=\"container\">\n\t\t\t\t\t<div class=\"e-con-inner\">\n\t\t\t\t<div class=\"elementor-element elementor-element-dfab8db elementor-widget elementor-widget-heading\" data-id=\"dfab8db\" data-element_type=\"widget\" data-e-type=\"widget\" data-widget_type=\"heading.default\">\n\t\t\t\t<div class=\"elementor-widget-container\">\n\t\t\t\t\t<h1 class=\"elementor-heading-title elementor-size-default\">IoT Digitalization \u2013 Smart Monitoring of Fluid Treatment Plants<\/h1>\t\t\t\t<\/div>\n\t\t\t\t<\/div>\n\t\t\t\t<div class=\"elementor-element elementor-element-4d1c4d9 elementor-widget elementor-widget-text-editor\" data-id=\"4d1c4d9\" data-element_type=\"widget\" data-e-type=\"widget\" data-widget_type=\"text-editor.default\">\n\t\t\t\t<div class=\"elementor-widget-container\">\n\t\t\t\t\t\t\t\t\t<p>This project, led by Water Challenge in collaboration with Cloud Studio IoT and funded by the Activa Startups program of the Community of Madrid, aims to digitize fluid treatment plants through IoT technologies that enable real-time monitoring and control of critical process variables.<\/p>\t\t\t\t\t\t\t\t<\/div>\n\t\t\t\t<\/div>\n\t\t\t\t\t<\/div>\n\t\t\t\t<\/div>\n\t\t<div data-particle_enable=\"false\" data-particle-mobile-disabled=\"false\" class=\"elementor-element elementor-element-4c786c8 e-flex e-con-boxed e-con e-parent\" data-id=\"4c786c8\" data-element_type=\"container\" data-e-type=\"container\">\n\t\t\t\t\t<div class=\"e-con-inner\">\n\t\t<div data-particle_enable=\"false\" data-particle-mobile-disabled=\"false\" class=\"elementor-element elementor-element-1026a2d e-con-full e-flex e-con e-child\" data-id=\"1026a2d\" data-element_type=\"container\" data-e-type=\"container\">\n\t\t\t\t<div class=\"elementor-element elementor-element-dcb0b8f elementor-widget elementor-widget-image\" data-id=\"dcb0b8f\" data-element_type=\"widget\" data-e-type=\"widget\" data-widget_type=\"image.default\">\n\t\t\t\t<div class=\"elementor-widget-container\">\n\t\t\t\t\t\t\t\t\t\t\t\t\t\t\t<img fetchpriority=\"high\" decoding=\"async\" width=\"800\" height=\"522\" src=\"https:\/\/waterchallenge.eu\/wp-content\/uploads\/2025\/07\/huelvaplantapiloto-1024x668.jpg\" class=\"attachment-large size-large wp-image-939\" alt=\"\" srcset=\"https:\/\/waterchallenge.eu\/wp-content\/uploads\/2025\/07\/huelvaplantapiloto-1024x668.jpg 1024w, https:\/\/waterchallenge.eu\/wp-content\/uploads\/2025\/07\/huelvaplantapiloto-300x196.jpg 300w, https:\/\/waterchallenge.eu\/wp-content\/uploads\/2025\/07\/huelvaplantapiloto-768x501.jpg 768w, https:\/\/waterchallenge.eu\/wp-content\/uploads\/2025\/07\/huelvaplantapiloto-18x12.jpg 18w, https:\/\/waterchallenge.eu\/wp-content\/uploads\/2025\/07\/huelvaplantapiloto.jpg 1178w\" sizes=\"(max-width: 800px) 100vw, 800px\" \/>\t\t\t\t\t\t\t\t\t\t\t\t\t\t\t<\/div>\n\t\t\t\t<\/div>\n\t\t\t\t<\/div>\n\t\t<div data-particle_enable=\"false\" data-particle-mobile-disabled=\"false\" class=\"elementor-element elementor-element-3a9b6fd e-con-full e-flex e-con e-child\" data-id=\"3a9b6fd\" data-element_type=\"container\" data-e-type=\"container\">\n\t\t\t\t<div class=\"elementor-element elementor-element-818dd3e elementor-widget elementor-widget-text-editor\" data-id=\"818dd3e\" data-element_type=\"widget\" data-e-type=\"widget\" data-widget_type=\"text-editor.default\">\n\t\t\t\t<div class=\"elementor-widget-container\">\n\t\t\t\t\t\t\t\t\t<p>The initiative resulted in the development of a scalable architecture and a remote management system that tracks key indicators such as pressure, temperature, flow rate, and solids concentration. These tools improve operational efficiency, reduce environmental impact, and enable 24\/7 remote supervision.<\/p><p>The system has been validated in five pilot plants and is ready for deployment in up to 100 installations. Key benefits include lower energy and operating costs, enhanced predictive maintenance, faster response to incidents, and support for international market expansion through remote access.<\/p><p>This project directly contributes to several Sustainable Development Goals (SDGs), especially SDG 6 (Clean Water and Sanitation), SDG 9 (Industry, Innovation and Infrastructure), and SDG 11 (Sustainable Cities and Communities).<\/p>\t\t\t\t\t\t\t\t<\/div>\n\t\t\t\t<\/div>\n\t\t\t\t<\/div>\n\t\t\t\t\t<\/div>\n\t\t\t\t<\/div>\n\t\t<div data-particle_enable=\"false\" data-particle-mobile-disabled=\"false\" class=\"elementor-element elementor-element-fa8828b e-flex e-con-boxed e-con e-parent\" data-id=\"fa8828b\" data-element_type=\"container\" data-e-type=\"container\">\n\t\t\t\t\t<div class=\"e-con-inner\">\n\t\t\t\t<div class=\"elementor-element elementor-element-f94029e video-es elementor-widget elementor-widget-video\" data-id=\"f94029e\" data-element_type=\"widget\" data-e-type=\"widget\" data-settings=\"{&quot;youtube_url&quot;:&quot;https:\\\/\\\/www.youtube.com\\\/watch?v=L5wdR4SenY8&quot;,&quot;video_type&quot;:&quot;youtube&quot;,&quot;controls&quot;:&quot;yes&quot;}\" data-widget_type=\"video.default\">\n\t\t\t\t<div class=\"elementor-widget-container\">\n\t\t\t\t\t\t\t<div class=\"elementor-wrapper elementor-open-inline\">\n\t\t\t<div class=\"elementor-video\"><\/div>\t\t<\/div>\n\t\t\t\t\t\t<\/div>\n\t\t\t\t<\/div>\n\t\t\t\t<div class=\"elementor-element elementor-element-c745043 video-en elementor-widget elementor-widget-video\" data-id=\"c745043\" data-element_type=\"widget\" data-e-type=\"widget\" data-settings=\"{&quot;youtube_url&quot;:&quot;https:\\\/\\\/www.youtube.com\\\/watch?v=N2XJvfdGOq0&quot;,&quot;video_type&quot;:&quot;youtube&quot;,&quot;controls&quot;:&quot;yes&quot;}\" data-widget_type=\"video.default\">\n\t\t\t\t<div class=\"elementor-widget-container\">\n\t\t\t\t\t\t\t<div class=\"elementor-wrapper elementor-open-inline\">\n\t\t\t<div class=\"elementor-video\"><\/div>\t\t<\/div>\n\t\t\t\t\t\t<\/div>\n\t\t\t\t<\/div>\n\t\t\t\t\t<\/div>\n\t\t\t\t<\/div>\n\t\t<div data-particle_enable=\"false\" data-particle-mobile-disabled=\"false\" class=\"elementor-element elementor-element-fea3e23 e-flex e-con-boxed e-con e-parent\" data-id=\"fea3e23\" data-element_type=\"container\" data-e-type=\"container\">\n\t\t\t\t\t<div class=\"e-con-inner\">\n\t\t\t\t<div class=\"elementor-element elementor-element-27e99a5 elementor-widget elementor-widget-heading\" data-id=\"27e99a5\" data-element_type=\"widget\" data-e-type=\"widget\" data-widget_type=\"heading.default\">\n\t\t\t\t<div class=\"elementor-widget-container\">\n\t\t\t\t\t<h2 class=\"elementor-heading-title elementor-size-default\"><\/span><font face=\"century gothic\">Other projects <\/font><\/h2>\t\t\t\t<\/div>\n\t\t\t\t<\/div>\n\t\t\t\t\t<\/div>\n\t\t\t\t<\/div>\n\t\t<div data-particle_enable=\"false\" data-particle-mobile-disabled=\"false\" class=\"elementor-element elementor-element-4cb6acc e-con-full e-flex e-con e-parent\" data-id=\"4cb6acc\" data-element_type=\"container\" data-e-type=\"container\">\n\t\t<div data-particle_enable=\"false\" data-particle-mobile-disabled=\"false\" class=\"elementor-element elementor-element-2432d97 e-flex e-con-boxed e-con e-child\" data-id=\"2432d97\" data-element_type=\"container\" data-e-type=\"container\">\n\t\t\t\t\t<div class=\"e-con-inner\">\n\t\t\t\t<div class=\"elementor-element elementor-element-eceb561 elementor-widget elementor-widget-image\" data-id=\"eceb561\" data-element_type=\"widget\" data-e-type=\"widget\" data-widget_type=\"image.default\">\n\t\t\t\t<div class=\"elementor-widget-container\">\n\t\t\t\t\t\t\t\t\t\t\t\t\t\t\t<img decoding=\"async\" width=\"800\" height=\"427\" src=\"https:\/\/waterchallenge.eu\/wp-content\/uploads\/2025\/07\/Biogas-Planta-digerido-1024x546.jpg\" class=\"attachment-large size-large wp-image-1438\" alt=\"\" srcset=\"https:\/\/waterchallenge.eu\/wp-content\/uploads\/2025\/07\/Biogas-Planta-digerido-1024x546.jpg 1024w, https:\/\/waterchallenge.eu\/wp-content\/uploads\/2025\/07\/Biogas-Planta-digerido-300x160.jpg 300w, https:\/\/waterchallenge.eu\/wp-content\/uploads\/2025\/07\/Biogas-Planta-digerido-768x410.jpg 768w, https:\/\/waterchallenge.eu\/wp-content\/uploads\/2025\/07\/Biogas-Planta-digerido-18x10.jpg 18w, https:\/\/waterchallenge.eu\/wp-content\/uploads\/2025\/07\/Biogas-Planta-digerido.jpg 1280w\" sizes=\"(max-width: 800px) 100vw, 800px\" \/>\t\t\t\t\t\t\t\t\t\t\t\t\t\t\t<\/div>\n\t\t\t\t<\/div>\n\t\t<div data-particle_enable=\"false\" data-particle-mobile-disabled=\"false\" class=\"elementor-element elementor-element-99773aa e-flex e-con-boxed e-con e-child\" data-id=\"99773aa\" data-element_type=\"container\" data-e-type=\"container\">\n\t\t\t\t\t<div class=\"e-con-inner\">\n\t\t<div data-particle_enable=\"false\" data-particle-mobile-disabled=\"false\" class=\"elementor-element elementor-element-3db7369 e-flex e-con-boxed e-con e-child\" data-id=\"3db7369\" data-element_type=\"container\" data-e-type=\"container\">\n\t\t\t\t\t<div class=\"e-con-inner\">\n\t\t\t\t<div class=\"elementor-element elementor-element-c6d95ec elementor-widget elementor-widget-heading\" data-id=\"c6d95ec\" data-element_type=\"widget\" data-e-type=\"widget\" data-widget_type=\"heading.default\">\n\t\t\t\t<div class=\"elementor-widget-container\">\n\t\t\t\t\t<h2 class=\"elementor-heading-title elementor-size-default\"><span style=\"font-family:century gothic\">Digested Treatment Plant | Andalusia, Spain<\/span><\/h2>\t\t\t\t<\/div>\n\t\t\t\t<\/div>\n\t\t\t\t<div class=\"elementor-element elementor-element-8ff52ae elementor-widget elementor-widget-text-editor\" data-id=\"8ff52ae\" data-element_type=\"widget\" data-e-type=\"widget\" data-widget_type=\"text-editor.default\">\n\t\t\t\t<div class=\"elementor-widget-container\">\n\t\t\t\t\t\t\t\t\t<p><span style=\"font-family: century gothic;\"><strong>Industry: <\/strong>Biogas<br \/><strong>State:<\/strong> Under construction (400m<sup>3<\/sup>\/day of digestion)<\/span><\/p>\t\t\t\t\t\t\t\t<\/div>\n\t\t\t\t<\/div>\n\t\t\t\t\t<\/div>\n\t\t\t\t<\/div>\n\t\t<div data-particle_enable=\"false\" data-particle-mobile-disabled=\"false\" class=\"elementor-element elementor-element-60326c5 e-con-full e-flex e-con e-child\" data-id=\"60326c5\" data-element_type=\"container\" data-e-type=\"container\">\n\t\t\t\t<div class=\"elementor-element elementor-element-61edef1 elementor-align-right elementor-hidden-desktop elementor-hidden-tablet elementor-hidden-mobile elementor-widget elementor-widget-button\" data-id=\"61edef1\" data-element_type=\"widget\" data-e-type=\"widget\" data-widget_type=\"button.default\">\n\t\t\t\t<div class=\"elementor-widget-container\">\n\t\t\t\t\t\t\t\t\t<div class=\"elementor-button-wrapper\">\n\t\t\t\t\t<a class=\"elementor-button elementor-button-link elementor-size-sm\" href=\"\/en\/huelva\/\">\n\t\t\t\t\t\t<span class=\"elementor-button-content-wrapper\">\n\t\t\t\t\t\t<span class=\"elementor-button-icon\">\n\t\t\t\t<svg aria-hidden=\"true\" class=\"e-font-icon-svg e-fas-long-arrow-alt-right\" viewbox=\"0 0 448 512\" xmlns=\"http:\/\/www.w3.org\/2000\/svg\"><path d=\"M313.941 216H12c-6.627 0-12 5.373-12 12v56c0 6.627 5.373 12 12 12h301.941v46.059c0 21.382 25.851 32.09 40.971 16.971l86.059-86.059c9.373-9.373 9.373-24.569 0-33.941l-86.059-86.059c-15.119-15.119-40.971-4.411-40.971 16.971V216z\"><\/path><\/svg>\t\t\t<\/span>\n\t\t\t\t\t\t\t\t<\/span>\n\t\t\t\t\t<\/a>\n\t\t\t\t<\/div>\n\t\t\t\t\t\t\t\t<\/div>\n\t\t\t\t<\/div>\n\t\t\t\t<\/div>\n\t\t\t\t\t<\/div>\n\t\t\t\t<\/div>\n\t\t\t\t\t<\/div>\n\t\t\t\t<\/div>\n\t\t<div data-particle_enable=\"false\" data-particle-mobile-disabled=\"false\" class=\"elementor-element elementor-element-e43818f e-flex e-con-boxed e-con e-child\" data-id=\"e43818f\" data-element_type=\"container\" data-e-type=\"container\">\n\t\t\t\t\t<div class=\"e-con-inner\">\n\t\t\t\t<div class=\"elementor-element elementor-element-d709a57 elementor-widget elementor-widget-image\" data-id=\"d709a57\" data-element_type=\"widget\" data-e-type=\"widget\" data-widget_type=\"image.default\">\n\t\t\t\t<div class=\"elementor-widget-container\">\n\t\t\t\t\t\t\t\t\t\t\t\t\t\t\t<img decoding=\"async\" width=\"800\" height=\"219\" src=\"https:\/\/waterchallenge.eu\/wp-content\/uploads\/2025\/07\/IMG_9848-1-scaled-e1753376702931-1024x280.jpg\" class=\"attachment-large size-large wp-image-1508\" alt=\"\" srcset=\"https:\/\/waterchallenge.eu\/wp-content\/uploads\/2025\/07\/IMG_9848-1-scaled-e1753376702931-1024x280.jpg 1024w, https:\/\/waterchallenge.eu\/wp-content\/uploads\/2025\/07\/IMG_9848-1-scaled-e1753376702931-300x82.jpg 300w, https:\/\/waterchallenge.eu\/wp-content\/uploads\/2025\/07\/IMG_9848-1-scaled-e1753376702931-768x210.jpg 768w, https:\/\/waterchallenge.eu\/wp-content\/uploads\/2025\/07\/IMG_9848-1-scaled-e1753376702931-1536x420.jpg 1536w, https:\/\/waterchallenge.eu\/wp-content\/uploads\/2025\/07\/IMG_9848-1-scaled-e1753376702931-2048x560.jpg 2048w, https:\/\/waterchallenge.eu\/wp-content\/uploads\/2025\/07\/IMG_9848-1-scaled-e1753376702931-18x5.jpg 18w\" sizes=\"(max-width: 800px) 100vw, 800px\" \/>\t\t\t\t\t\t\t\t\t\t\t\t\t\t\t<\/div>\n\t\t\t\t<\/div>\n\t\t<div data-particle_enable=\"false\" data-particle-mobile-disabled=\"false\" class=\"elementor-element elementor-element-0cac252 e-con-full e-flex e-con e-child\" data-id=\"0cac252\" data-element_type=\"container\" data-e-type=\"container\">\n\t\t<div data-particle_enable=\"false\" data-particle-mobile-disabled=\"false\" class=\"elementor-element elementor-element-af46946 e-con-full e-flex e-con e-child\" data-id=\"af46946\" data-element_type=\"container\" data-e-type=\"container\">\n\t\t\t\t<div class=\"elementor-element elementor-element-a54f1c0 elementor-widget elementor-widget-heading\" data-id=\"a54f1c0\" data-element_type=\"widget\" data-e-type=\"widget\" data-widget_type=\"heading.default\">\n\t\t\t\t<div class=\"elementor-widget-container\">\n\t\t\t\t\t<h2 class=\"elementor-heading-title elementor-size-default\"><span style=\"font-family:century gothic\">Organic Fluid Treatment Plant | Seville, Spain<\/span><\/h2>\t\t\t\t<\/div>\n\t\t\t\t<\/div>\n\t\t\t\t<div class=\"elementor-element elementor-element-9f646e1 elementor-widget elementor-widget-text-editor\" data-id=\"9f646e1\" data-element_type=\"widget\" data-e-type=\"widget\" data-widget_type=\"text-editor.default\">\n\t\t\t\t<div class=\"elementor-widget-container\">\n\t\t\t\t\t\t\t\t\t<p><span style=\"font-family: century gothic;\"><strong>Industry: <\/strong>Biogas &amp; fluid treatment<br \/><strong>State:<\/strong> In operation<\/span><\/p>\t\t\t\t\t\t\t\t<\/div>\n\t\t\t\t<\/div>\n\t\t\t\t<\/div>\n\t\t<div data-particle_enable=\"false\" data-particle-mobile-disabled=\"false\" class=\"elementor-element elementor-element-6ec9d12 e-con-full e-flex e-con e-child\" data-id=\"6ec9d12\" data-element_type=\"container\" data-e-type=\"container\">\n\t\t\t\t<div class=\"elementor-element elementor-element-dfd1325 elementor-align-right elementor-hidden-desktop elementor-hidden-tablet elementor-hidden-mobile elementor-widget elementor-widget-button\" data-id=\"dfd1325\" data-element_type=\"widget\" data-e-type=\"widget\" data-widget_type=\"button.default\">\n\t\t\t\t<div class=\"elementor-widget-container\">\n\t\t\t\t\t\t\t\t\t<div class=\"elementor-button-wrapper\">\n\t\t\t\t\t<a class=\"elementor-button elementor-button-link elementor-size-sm\" href=\"\/en\/huelva\/\">\n\t\t\t\t\t\t<span class=\"elementor-button-content-wrapper\">\n\t\t\t\t\t\t<span class=\"elementor-button-icon\">\n\t\t\t\t<svg aria-hidden=\"true\" class=\"e-font-icon-svg e-fas-long-arrow-alt-right\" viewbox=\"0 0 448 512\" xmlns=\"http:\/\/www.w3.org\/2000\/svg\"><path d=\"M313.941 216H12c-6.627 0-12 5.373-12 12v56c0 6.627 5.373 12 12 12h301.941v46.059c0 21.382 25.851 32.09 40.971 16.971l86.059-86.059c9.373-9.373 9.373-24.569 0-33.941l-86.059-86.059c-15.119-15.119-40.971-4.411-40.971 16.971V216z\"><\/path><\/svg>\t\t\t<\/span>\n\t\t\t\t\t\t\t\t<\/span>\n\t\t\t\t\t<\/a>\n\t\t\t\t<\/div>\n\t\t\t\t\t\t\t\t<\/div>\n\t\t\t\t<\/div>\n\t\t\t\t<\/div>\n\t\t\t\t<\/div>\n\t\t\t\t\t<\/div>\n\t\t\t\t<\/div>\n\t\t\t\t<\/div>\n\t\t\t\t<\/div>","protected":false},"excerpt":{"rendered":"<p>Digitalizaci\u00f3n IoT &#8211; Supervisi\u00f3n inteligente de plantas de tratamiento Este proyecto, desarrollado por Water Challenge en colaboraci\u00f3n con Cloud Studio IoT y financiado por el programa Activa Startups de la Comunidad de Madrid, tiene como objetivo la digitalizaci\u00f3n de plantas de tratamiento de fluidos contaminantes mediante tecnolog\u00edas IoT aplicadas a la supervisi\u00f3n y control de [&hellip;]<\/p>","protected":false},"author":1,"featured_media":0,"parent":0,"menu_order":0,"comment_status":"closed","ping_status":"closed","template":"elementor_header_footer","meta":{"footnotes":""},"class_list":["post-2238","page","type-page","status-publish","hentry"],"yoast_head":"<!-- This site is optimized with the Yoast SEO plugin v26.9 - https:\/\/yoast.com\/product\/yoast-seo-wordpress\/ -->\n<title>Digitalizaci\u00f3n IoT - Water Challenge<\/title>\n<meta name=\"robots\" content=\"index, follow, max-snippet:-1, max-image-preview:large, max-video-preview:-1\" \/>\n<link rel=\"canonical\" href=\"https:\/\/waterchallenge.eu\/en\/digitalizacion-iot\/\" \/>\n<meta property=\"og:locale\" content=\"en_GB\" \/>\n<meta property=\"og:type\" content=\"article\" \/>\n<meta property=\"og:title\" content=\"Digitalizaci\u00f3n IoT - Water Challenge\" \/>\n<meta property=\"og:description\" content=\"Digitalizaci\u00f3n IoT &#8211; Supervisi\u00f3n inteligente de plantas de tratamiento Este proyecto, desarrollado por Water Challenge en colaboraci\u00f3n con Cloud Studio IoT y financiado por el programa Activa Startups de la Comunidad de Madrid, tiene como objetivo la digitalizaci\u00f3n de plantas de tratamiento de fluidos contaminantes mediante tecnolog\u00edas IoT aplicadas a la supervisi\u00f3n y control de [&hellip;]\" \/>\n<meta property=\"og:url\" content=\"https:\/\/waterchallenge.eu\/en\/digitalizacion-iot\/\" \/>\n<meta property=\"og:site_name\" content=\"Water Challenge\" \/>\n<meta property=\"article:modified_time\" content=\"2025-08-20T07:09:42+00:00\" \/>\n<meta property=\"og:image\" content=\"https:\/\/waterchallenge.eu\/wp-content\/uploads\/2025\/07\/huelvaplantapiloto.jpg\" \/>\n\t<meta property=\"og:image:width\" content=\"1178\" \/>\n\t<meta property=\"og:image:height\" content=\"768\" \/>\n\t<meta property=\"og:image:type\" content=\"image\/jpeg\" \/>\n<meta name=\"twitter:card\" content=\"summary_large_image\" \/>\n<meta name=\"twitter:label1\" content=\"Estimated reading time\" \/>\n\t<meta name=\"twitter:data1\" content=\"2 minutes\" \/>\n<script type=\"application\/ld+json\" class=\"yoast-schema-graph\">{\"@context\":\"https:\/\/schema.org\",\"@graph\":[{\"@type\":\"WebPage\",\"@id\":\"https:\/\/waterchallenge.eu\/digitalizacion-iot\/\",\"url\":\"https:\/\/waterchallenge.eu\/digitalizacion-iot\/\",\"name\":\"Digitalizaci\u00f3n IoT - Water Challenge\",\"isPartOf\":{\"@id\":\"https:\/\/waterchallenge.eu\/#website\"},\"primaryImageOfPage\":{\"@id\":\"https:\/\/waterchallenge.eu\/digitalizacion-iot\/#primaryimage\"},\"image\":{\"@id\":\"https:\/\/waterchallenge.eu\/digitalizacion-iot\/#primaryimage\"},\"thumbnailUrl\":\"https:\/\/waterchallenge.eu\/wp-content\/uploads\/2025\/07\/huelvaplantapiloto-1024x668.jpg\",\"datePublished\":\"2025-08-20T07:07:01+00:00\",\"dateModified\":\"2025-08-20T07:09:42+00:00\",\"breadcrumb\":{\"@id\":\"https:\/\/waterchallenge.eu\/digitalizacion-iot\/#breadcrumb\"},\"inLanguage\":\"en-GB\",\"potentialAction\":[{\"@type\":\"ReadAction\",\"target\":[\"https:\/\/waterchallenge.eu\/digitalizacion-iot\/\"]}]},{\"@type\":\"ImageObject\",\"inLanguage\":\"en-GB\",\"@id\":\"https:\/\/waterchallenge.eu\/digitalizacion-iot\/#primaryimage\",\"url\":\"https:\/\/waterchallenge.eu\/wp-content\/uploads\/2025\/07\/huelvaplantapiloto-1024x668.jpg\",\"contentUrl\":\"https:\/\/waterchallenge.eu\/wp-content\/uploads\/2025\/07\/huelvaplantapiloto-1024x668.jpg\"},{\"@type\":\"BreadcrumbList\",\"@id\":\"https:\/\/waterchallenge.eu\/digitalizacion-iot\/#breadcrumb\",\"itemListElement\":[{\"@type\":\"ListItem\",\"position\":1,\"name\":\"Portada\",\"item\":\"https:\/\/waterchallenge.eu\/\"},{\"@type\":\"ListItem\",\"position\":2,\"name\":\"Digitalizaci\u00f3n IoT\"}]},{\"@type\":\"WebSite\",\"@id\":\"https:\/\/waterchallenge.eu\/#website\",\"url\":\"https:\/\/waterchallenge.eu\/\",\"name\":\"Water Challenge\",\"description\":\"\",\"publisher\":{\"@id\":\"https:\/\/waterchallenge.eu\/#organization\"},\"potentialAction\":[{\"@type\":\"SearchAction\",\"target\":{\"@type\":\"EntryPoint\",\"urlTemplate\":\"https:\/\/waterchallenge.eu\/?s={search_term_string}\"},\"query-input\":{\"@type\":\"PropertyValueSpecification\",\"valueRequired\":true,\"valueName\":\"search_term_string\"}}],\"inLanguage\":\"en-GB\"},{\"@type\":\"Organization\",\"@id\":\"https:\/\/waterchallenge.eu\/#organization\",\"name\":\"Water Challenge\",\"url\":\"https:\/\/waterchallenge.eu\/\",\"logo\":{\"@type\":\"ImageObject\",\"inLanguage\":\"en-GB\",\"@id\":\"https:\/\/waterchallenge.eu\/#\/schema\/logo\/image\/\",\"url\":\"https:\/\/waterchallenge.eu\/wp-content\/uploads\/2025\/05\/image-3.png\",\"contentUrl\":\"https:\/\/waterchallenge.eu\/wp-content\/uploads\/2025\/05\/image-3.png\",\"width\":351,\"height\":59,\"caption\":\"Water Challenge\"},\"image\":{\"@id\":\"https:\/\/waterchallenge.eu\/#\/schema\/logo\/image\/\"}}]}<\/script>\n<!-- \/ Yoast SEO plugin. -->","yoast_head_json":{"title":"Digitalizaci\u00f3n IoT - Water Challenge","robots":{"index":"index","follow":"follow","max-snippet":"max-snippet:-1","max-image-preview":"max-image-preview:large","max-video-preview":"max-video-preview:-1"},"canonical":"https:\/\/waterchallenge.eu\/en\/digitalizacion-iot\/","og_locale":"en_GB","og_type":"article","og_title":"Digitalizaci\u00f3n IoT - Water Challenge","og_description":"Digitalizaci\u00f3n IoT &#8211; Supervisi\u00f3n inteligente de plantas de tratamiento Este proyecto, desarrollado por Water Challenge en colaboraci\u00f3n con Cloud Studio IoT y financiado por el programa Activa Startups de la Comunidad de Madrid, tiene como objetivo la digitalizaci\u00f3n de plantas de tratamiento de fluidos contaminantes mediante tecnolog\u00edas IoT aplicadas a la supervisi\u00f3n y control de [&hellip;]","og_url":"https:\/\/waterchallenge.eu\/en\/digitalizacion-iot\/","og_site_name":"Water Challenge","article_modified_time":"2025-08-20T07:09:42+00:00","og_image":[{"width":1178,"height":768,"url":"https:\/\/waterchallenge.eu\/wp-content\/uploads\/2025\/07\/huelvaplantapiloto.jpg","type":"image\/jpeg"}],"twitter_card":"summary_large_image","twitter_misc":{"Estimated reading time":"2 minutes"},"schema":{"@context":"https:\/\/schema.org","@graph":[{"@type":"WebPage","@id":"https:\/\/waterchallenge.eu\/digitalizacion-iot\/","url":"https:\/\/waterchallenge.eu\/digitalizacion-iot\/","name":"Digitalizaci\u00f3n IoT - Water Challenge","isPartOf":{"@id":"https:\/\/waterchallenge.eu\/#website"},"primaryImageOfPage":{"@id":"https:\/\/waterchallenge.eu\/digitalizacion-iot\/#primaryimage"},"image":{"@id":"https:\/\/waterchallenge.eu\/digitalizacion-iot\/#primaryimage"},"thumbnailUrl":"https:\/\/waterchallenge.eu\/wp-content\/uploads\/2025\/07\/huelvaplantapiloto-1024x668.jpg","datePublished":"2025-08-20T07:07:01+00:00","dateModified":"2025-08-20T07:09:42+00:00","breadcrumb":{"@id":"https:\/\/waterchallenge.eu\/digitalizacion-iot\/#breadcrumb"},"inLanguage":"en-GB","potentialAction":[{"@type":"ReadAction","target":["https:\/\/waterchallenge.eu\/digitalizacion-iot\/"]}]},{"@type":"ImageObject","inLanguage":"en-GB","@id":"https:\/\/waterchallenge.eu\/digitalizacion-iot\/#primaryimage","url":"https:\/\/waterchallenge.eu\/wp-content\/uploads\/2025\/07\/huelvaplantapiloto-1024x668.jpg","contentUrl":"https:\/\/waterchallenge.eu\/wp-content\/uploads\/2025\/07\/huelvaplantapiloto-1024x668.jpg"},{"@type":"BreadcrumbList","@id":"https:\/\/waterchallenge.eu\/digitalizacion-iot\/#breadcrumb","itemListElement":[{"@type":"ListItem","position":1,"name":"Portada","item":"https:\/\/waterchallenge.eu\/"},{"@type":"ListItem","position":2,"name":"Digitalizaci\u00f3n IoT"}]},{"@type":"WebSite","@id":"https:\/\/waterchallenge.eu\/#website","url":"https:\/\/waterchallenge.eu\/","name":"Water Challenge","description":"","publisher":{"@id":"https:\/\/waterchallenge.eu\/#organization"},"potentialAction":[{"@type":"SearchAction","target":{"@type":"EntryPoint","urlTemplate":"https:\/\/waterchallenge.eu\/?s={search_term_string}"},"query-input":{"@type":"PropertyValueSpecification","valueRequired":true,"valueName":"search_term_string"}}],"inLanguage":"en-GB"},{"@type":"Organization","@id":"https:\/\/waterchallenge.eu\/#organization","name":"Water Challenge","url":"https:\/\/waterchallenge.eu\/","logo":{"@type":"ImageObject","inLanguage":"en-GB","@id":"https:\/\/waterchallenge.eu\/#\/schema\/logo\/image\/","url":"https:\/\/waterchallenge.eu\/wp-content\/uploads\/2025\/05\/image-3.png","contentUrl":"https:\/\/waterchallenge.eu\/wp-content\/uploads\/2025\/05\/image-3.png","width":351,"height":59,"caption":"Water Challenge"},"image":{"@id":"https:\/\/waterchallenge.eu\/#\/schema\/logo\/image\/"}}]}},"_links":{"self":[{"href":"https:\/\/waterchallenge.eu\/en\/wp-json\/wp\/v2\/pages\/2238","targetHints":{"allow":["GET"]}}],"collection":[{"href":"https:\/\/waterchallenge.eu\/en\/wp-json\/wp\/v2\/pages"}],"about":[{"href":"https:\/\/waterchallenge.eu\/en\/wp-json\/wp\/v2\/types\/page"}],"author":[{"embeddable":true,"href":"https:\/\/waterchallenge.eu\/en\/wp-json\/wp\/v2\/users\/1"}],"replies":[{"embeddable":true,"href":"https:\/\/waterchallenge.eu\/en\/wp-json\/wp\/v2\/comments?post=2238"}],"version-history":[{"count":7,"href":"https:\/\/waterchallenge.eu\/en\/wp-json\/wp\/v2\/pages\/2238\/revisions"}],"predecessor-version":[{"id":2245,"href":"https:\/\/waterchallenge.eu\/en\/wp-json\/wp\/v2\/pages\/2238\/revisions\/2245"}],"wp:attachment":[{"href":"https:\/\/waterchallenge.eu\/en\/wp-json\/wp\/v2\/media?parent=2238"}],"curies":[{"name":"wp","href":"https:\/\/api.w.org\/{rel}","templated":true}]}}